{"id":86,"date":"2025-02-03T15:26:42","date_gmt":"2025-02-03T15:26:42","guid":{"rendered":"https:\/\/psiholoskapraksagrbavac.hr\/?page_id=86"},"modified":"2025-08-25T11:44:12","modified_gmt":"2025-08-25T11:44:12","slug":"psiholog-split-2","status":"publish","type":"page","link":"https:\/\/psiholoskapraksagrbavac.hr\/?page_id=86","title":{"rendered":"Cjenik"},"content":{"rendered":"\t\t<div data-elementor-type=\"wp-page\" data-elementor-id=\"86\" class=\"elementor elementor-86\">\n\t\t\t\t<div class=\"elementor-element elementor-element-20dcb990 e-flex e-con-boxed e-con e-parent\" data-id=\"20dcb990\" data-element_type=\"container\" data-e-type=\"container\">\n\t\t\t\t\t<div class=\"e-con-inner\">\n\t\t\t\t<div class=\"elementor-element elementor-element-4afd69f3 elementor-widget elementor-widget-text-editor\" data-id=\"4afd69f3\" data-element_type=\"widget\" data-e-type=\"widget\" data-widget_type=\"text-editor.default\">\n\t\t\t\t<div class=\"elementor-widget-container\">\n\t\t\t\t\t\t\t\t\t\n<div class=\"wp-block-group alignfull is-layout-flow wp-container-core-group-is-layout-f9cb6abc wp-block-group-is-layout-flow\" style=\"margin-top: 0; margin-bottom: 0;\">\n<div class=\"wp-block-columns alignfull is-not-stacked-on-mobile is-layout-flex wp-container-core-columns-is-layout-e154fb6a wp-block-columns-is-layout-flex\" style=\"margin-top: 0; margin-bottom: 0; padding: var(--wp--preset--spacing--40) var(--wp--preset--spacing--40) var(--wp--preset--spacing--80) var(--wp--preset--spacing--40);\">\n<div class=\"wp-block-column is-layout-flow wp-block-column-is-layout-flow\">\n<div class=\"wp-block-group is-content-justification-right is-nowrap is-layout-flex wp-container-core-group-is-layout-17124a9a wp-block-group-is-layout-flex\">\n<figure class=\"wp-block-table\">\n<table class=\"has-fixed-layout\">\n<tbody>\n<tr>\n<td><strong>PSIHOLO\u0160KO SAVJETOVANJE <\/strong><\/td>\n<td class=\"has-text-align-left\" data-align=\"left\"><em>Usluge se mogu provoditi u\u017eivo i online.<\/em><\/td>\n<\/tr>\n<tr>\n<td><strong>USLUGA<\/strong><strong>:<\/strong><\/td>\n<td class=\"has-text-align-left\" data-align=\"left\"><strong>CIJENA:<\/strong><\/td>\n<\/tr>\n<tr>\n<td>Psiholo\u0161ko savjetovanje djece i mladih (45min):<\/td>\n<td class=\"has-text-align-left\" data-align=\"left\">40 eura<\/td>\n<\/tr>\n<tr>\n<td>Psiholo\u0161ko savjetovanje roditelja (45min):<\/td>\n<td class=\"has-text-align-left\" data-align=\"left\">40 eura<\/td>\n<\/tr>\n<tr>\n<td>Psiholo\u0161ko savjetovanje odraslih (50min):<\/td>\n<td class=\"has-text-align-left\" data-align=\"left\">50 eura<\/td>\n<\/tr>\n<tr>\n<td>Konzultacijski razgovor s roditeljima (prije potencijalnog uklju\u010denja djeteta u tretman) (30min):<\/td>\n<td class=\"has-text-align-left\" data-align=\"left\">30 eura<\/td>\n<\/tr>\n<tr>\n<td><strong>PSIHOLO\u0160KA DIJAGNOSTIKA<\/strong><\/td>\n<td class=\"has-text-align-left\" data-align=\"left\"><em>Usluga se sastoji od detaljnog klini\u010dkog intervjua, primjene psihodijagnosti\u010dkog i prognosti\u010dkog instrumentarija, razgovora s roditeljem (ukoliko se radi o djeci i mladima) te pisanja mi\u0161ljenja i nalaza psihologa uz davanje pisanih smjernica za roditelje i \u0161kolu (ukoliko se radi o \u0161kolskoj djeci). Cijena mo\u017ee varirati ovisno o du\u017eini i kompleksnosti obrade.<\/em><\/td>\n<\/tr>\n<tr>\n<td><strong>USLUGA:<\/strong><\/td>\n<td class=\"has-text-align-left\" data-align=\"left\"><strong>CIJENA:<\/strong><\/td>\n<\/tr>\n<tr>\n<td><strong>PAKET 1<\/strong><br \/>Psiholo\u0161ka dijagnostika (60-90min + razgovor s roditeljima + nalaz + smjernice)<\/td>\n<td class=\"has-text-align-left\" data-align=\"left\">180 eura<\/td>\n<\/tr>\n<tr>\n<td><strong>PAKET 2<\/strong><br \/>Psiholo\u0161ka dijagnostika (120 min + razgovor s roditeljima + nalaz + smjernice)<\/td>\n<td class=\"has-text-align-left\" data-align=\"left\">230 eura<\/td>\n<\/tr>\n<tr>\n<td><strong>PAKET 3<\/strong><br \/>Slo\u017eena psiholo\u0161ka dijagnostika (WISC-IV + Bender Gestalt II + nalaz + razgovor s roditeljima+ smjernice)<\/td>\n<td class=\"has-text-align-left\" data-align=\"left\">280 eura<\/td>\n<\/tr>\n<tr>\n<td><strong>IZDVOJENA PSIHOLO\u0160KA DIJAGNOSTIKA<\/strong><\/td>\n<td class=\"has-text-align-left\" data-align=\"left\">\u00a0<\/td>\n<\/tr>\n<tr>\n<td>Psiholo\u0161ka dijagnostika (60-90min + nalaz)<\/td>\n<td class=\"has-text-align-left\" data-align=\"left\">150 eura<\/td>\n<\/tr>\n<tr>\n<td>Psiholo\u0161ka dijagnostika (120 min+ nalaz)<\/td>\n<td class=\"has-text-align-left\" data-align=\"left\">200 eura<\/td>\n<\/tr>\n<tr>\n<td>Slo\u017eena psiholo\u0161ka dijagnostika (WISC-IV + Bender Gestalt II + nalaz)<\/td>\n<td class=\"has-text-align-left\" data-align=\"left\">250 eura<\/td>\n<\/tr>\n<\/tbody>\n<\/table>\n<\/figure>\n<\/div>\n<\/div>\n<\/div>\n<\/div>\n<nav class=\"is-responsive items-justified-right wp-block-navigation is-content-justification-right is-layout-flex wp-container-core-navigation-is-layout-d445cf74 wp-block-navigation-is-layout-flex\" aria-label=\"Navigacija 2\" \n\t\t data-wp-interactive=\"core\/navigation\" data-wp-context='{\"overlayOpenedBy\":{\"click\":false,\"hover\":false,\"focus\":false},\"type\":\"overlay\",\"roleAttribute\":\"\",\"ariaLabel\":\"Izbornik\"}'><button aria-haspopup=\"dialog\" aria-label=\"Otvori izbornik\" class=\"wp-block-navigation__responsive-container-open\" \n\t\t\t\tdata-wp-on--click=\"actions.openMenuOnClick\"\n\t\t\t\tdata-wp-on--keydown=\"actions.handleMenuKeydown\"\n\t\t\t><svg width=\"24\" height=\"24\" xmlns=\"http:\/\/www.w3.org\/2000\/svg\" viewBox=\"0 0 24 24\" aria-hidden=\"true\" focusable=\"false\"><path d=\"M4 7.5h16v1.5H4z\"><\/path><path d=\"M4 15h16v1.5H4z\"><\/path><\/svg><\/button>\n\t\t\t\t<div class=\"wp-block-navigation__responsive-container\"  id=\"modal-2\" \n\t\t\t\tdata-wp-class--has-modal-open=\"state.isMenuOpen\"\n\t\t\t\tdata-wp-class--is-menu-open=\"state.isMenuOpen\"\n\t\t\t\tdata-wp-watch=\"callbacks.initMenu\"\n\t\t\t\tdata-wp-on--keydown=\"actions.handleMenuKeydown\"\n\t\t\t\tdata-wp-on--focusout=\"actions.handleMenuFocusout\"\n\t\t\t\ttabindex=\"-1\"\n\t\t\t>\n\t\t\t\t\t<div class=\"wp-block-navigation__responsive-close\" tabindex=\"-1\">\n\t\t\t\t\t\t<div class=\"wp-block-navigation__responsive-dialog\" \n\t\t\t\tdata-wp-bind--aria-modal=\"state.ariaModal\"\n\t\t\t\tdata-wp-bind--aria-label=\"state.ariaLabel\"\n\t\t\t\tdata-wp-bind--role=\"state.roleAttribute\"\n\t\t\t>\n\t\t\t\t\t\t\t<button aria-label=\"Zatvori izbornik\" class=\"wp-block-navigation__responsive-container-close\" \n\t\t\t\tdata-wp-on--click=\"actions.closeMenuOnClick\"\n\t\t\t><svg xmlns=\"http:\/\/www.w3.org\/2000\/svg\" viewBox=\"0 0 24 24\" width=\"24\" height=\"24\" aria-hidden=\"true\" focusable=\"false\"><path d=\"m13.06 12 6.47-6.47-1.06-1.06L12 10.94 5.53 4.47 4.47 5.53 10.94 12l-6.47 6.47 1.06 1.06L12 13.06l6.47 6.47 1.06-1.06L13.06 12Z\"><\/path><\/svg><\/button>\n\t\t\t\t\t\t\t<div class=\"wp-block-navigation__responsive-container-content\" \n\t\t\t\tdata-wp-watch=\"callbacks.focusFirstElement\"\n\t\t\t id=\"modal-2-content\">\n\t\t\t\t\t\t\t\t<ul class=\"wp-block-navigation__container is-responsive items-justified-right wp-block-navigation\"><li class=\" wp-block-navigation-item wp-block-navigation-link\"><a class=\"wp-block-navigation-item__content\"  href=\"https:\/\/psiholoskapraksagrbavac.hr\/?page_id=83\"><span class=\"wp-block-navigation-item__label\">O meni\u2026<\/span><\/a><\/li><li class=\" wp-block-navigation-item wp-block-navigation-link\"><a class=\"wp-block-navigation-item__content\"  href=\"https:\/\/psiholoskapraksagrbavac.hr\/?page_id=84\"><span class=\"wp-block-navigation-item__label\">Usluge<\/span><\/a><\/li><li class=\" wp-block-navigation-item wp-block-navigation-link\"><a class=\"wp-block-navigation-item__content\"  href=\"https:\/\/psiholoskapraksagrbavac.hr\/?page_id=86\"><span class=\"wp-block-navigation-item__label\">Cjenik<\/span><\/a><\/li><li class=\" wp-block-navigation-item wp-block-navigation-link\"><a class=\"wp-block-navigation-item__content\"  href=\"https:\/\/psiholoskapraksagrbavac.hr\/?page_id=109\"><span class=\"wp-block-navigation-item__label\">Galerija<\/span><\/a><\/li><li class=\" wp-block-navigation-item wp-block-navigation-link\"><a class=\"wp-block-navigation-item__content\"  href=\"https:\/\/psiholoskapraksagrbavac.hr\/?page_id=88\"><span class=\"wp-block-navigation-item__label\">Kontakt<\/span><\/a><\/li><li class=\" wp-block-navigation-item wp-block-navigation-link\"><a class=\"wp-block-navigation-item__content\"  href=\"https:\/\/psiholoskapraksagrbavac.hr\/\"><span class=\"wp-block-navigation-item__label\">Po\u010detna<\/span><\/a><\/li><\/ul>\n\t\t\t\t\t\t\t<\/div>\n\t\t\t\t\t\t<\/div>\n\t\t\t\t\t<\/div>\n\t\t\t\t<\/div><\/nav>\t\t\t\t\t\t\t\t<\/div>\n\t\t\t\t<\/div>\n\t\t\t\t\t<\/div>\n\t\t\t\t<\/div>\n\t\t<div class=\"elementor-element elementor-element-bcadb3d e-flex e-con-boxed e-con e-parent\" data-id=\"bcadb3d\" data-element_type=\"container\" data-e-type=\"container\">\n\t\t\t\t\t<div class=\"e-con-inner\">\n\t\t\t\t<div class=\"elementor-element elementor-element-e35433d elementor-widget elementor-widget-heading\" data-id=\"e35433d\" data-element_type=\"widget\" data-e-type=\"widget\" data-widget_type=\"heading.default\">\n\t\t\t\t<div class=\"elementor-widget-container\">\n\t\t\t\t\t<h2 class=\"elementor-heading-title elementor-size-default\">Psiholog Split<\/h2>\t\t\t\t<\/div>\n\t\t\t\t<\/div>\n\t\t\t\t\t<\/div>\n\t\t\t\t<\/div>\n\t\t\t\t<\/div>\n\t\t","protected":false},"excerpt":{"rendered":"<p>PSIHOLO\u0160KO SAVJETOVANJE Usluge se mogu provoditi u\u017eivo i online. USLUGA: CIJENA: Psiholo\u0161ko savjetovanje djece i mladih (45min): 40 eura Psiholo\u0161ko savjetovanje roditelja (45min): 40 eura Psiholo\u0161ko savjetovanje odraslih (50min): 50 eura Konzultacijski razgovor s roditeljima (prije potencijalnog uklju\u010denja djeteta u tretman) (30min): 30 eura PSIHOLO\u0160KA DIJAGNOSTIKA Usluga se sastoji od detaljnog klini\u010dkog intervjua, primjene psihodijagnosti\u010dkog [&hellip;]<\/p>\n","protected":false},"author":1,"featured_media":0,"parent":0,"menu_order":0,"comment_status":"closed","ping_status":"closed","template":"","meta":{"_monsterinsights_skip_tracking":false,"_monsterinsights_sitenote_active":false,"_monsterinsights_sitenote_note":"","_monsterinsights_sitenote_category":0,"footnotes":""},"class_list":["post-86","page","type-page","status-publish","hentry"],"yoast_head":"<!-- This site is optimized with the Yoast SEO plugin v27.3 - https:\/\/yoast.com\/product\/yoast-seo-wordpress\/ -->\n<title>Growing Minds | Psiholog Split<\/title>\n<meta name=\"description\" content=\"Psiholog Split - Mia Grbavac, stru\u010dna psiholo\u0161ka pomo\u0107 za djecu, mlade i roditelje. Nudimo usluge psiholo\u0161kog savjetovanja i dijagnostike.\" \/>\n<meta name=\"robots\" content=\"index, follow, max-snippet:-1, max-image-preview:large, max-video-preview:-1\" \/>\n<link rel=\"canonical\" href=\"https:\/\/psiholoskapraksagrbavac.hr\/?page_id=86\" \/>\n<meta property=\"og:locale\" content=\"hr_HR\" \/>\n<meta property=\"og:type\" content=\"article\" \/>\n<meta property=\"og:title\" content=\"Growing Minds | Psiholog Split\" \/>\n<meta property=\"og:description\" content=\"Psiholog Split - Mia Grbavac, stru\u010dna psiholo\u0161ka pomo\u0107 za djecu, mlade i roditelje. Nudimo usluge psiholo\u0161kog savjetovanja i dijagnostike.\" \/>\n<meta property=\"og:url\" content=\"https:\/\/psiholoskapraksagrbavac.hr\/?page_id=86\" \/>\n<meta property=\"og:site_name\" content=\"Growing Minds privatna psiholo\u0161ka praksa Mia Grbavac\" \/>\n<meta property=\"article:publisher\" content=\"https:\/\/www.facebook.com\/profile.php?id=61570028410132\" \/>\n<meta property=\"article:modified_time\" content=\"2025-08-25T11:44:12+00:00\" \/>\n<meta name=\"twitter:card\" content=\"summary_large_image\" \/>\n<meta name=\"twitter:label1\" content=\"Procijenjeno vrijeme \u010ditanja\" \/>\n\t<meta name=\"twitter:data1\" content=\"1 minuta\" \/>\n<script type=\"application\/ld+json\" class=\"yoast-schema-graph\">{\"@context\":\"https:\\\/\\\/schema.org\",\"@graph\":[{\"@type\":\"WebPage\",\"@id\":\"https:\\\/\\\/psiholoskapraksagrbavac.hr\\\/?page_id=86\",\"url\":\"https:\\\/\\\/psiholoskapraksagrbavac.hr\\\/?page_id=86\",\"name\":\"Growing Minds | Psiholog Split\",\"isPartOf\":{\"@id\":\"https:\\\/\\\/psiholoskapraksagrbavac.hr\\\/#website\"},\"datePublished\":\"2025-02-03T15:26:42+00:00\",\"dateModified\":\"2025-08-25T11:44:12+00:00\",\"description\":\"Psiholog Split - Mia Grbavac, stru\u010dna psiholo\u0161ka pomo\u0107 za djecu, mlade i roditelje. Nudimo usluge psiholo\u0161kog savjetovanja i dijagnostike.\",\"breadcrumb\":{\"@id\":\"https:\\\/\\\/psiholoskapraksagrbavac.hr\\\/?page_id=86#breadcrumb\"},\"inLanguage\":\"hr\",\"potentialAction\":[{\"@type\":\"ReadAction\",\"target\":[\"https:\\\/\\\/psiholoskapraksagrbavac.hr\\\/?page_id=86\"]}]},{\"@type\":\"BreadcrumbList\",\"@id\":\"https:\\\/\\\/psiholoskapraksagrbavac.hr\\\/?page_id=86#breadcrumb\",\"itemListElement\":[{\"@type\":\"ListItem\",\"position\":1,\"name\":\"Po\u010detna stranica\",\"item\":\"https:\\\/\\\/psiholoskapraksagrbavac.hr\\\/\"},{\"@type\":\"ListItem\",\"position\":2,\"name\":\"Cjenik\"}]},{\"@type\":\"WebSite\",\"@id\":\"https:\\\/\\\/psiholoskapraksagrbavac.hr\\\/#website\",\"url\":\"https:\\\/\\\/psiholoskapraksagrbavac.hr\\\/\",\"name\":\"Growing Minds privatna psiholo\u0161ka praksa Mia Grbavac\",\"description\":\"Psiholog Split\",\"publisher\":{\"@id\":\"https:\\\/\\\/psiholoskapraksagrbavac.hr\\\/#organization\"},\"potentialAction\":[{\"@type\":\"SearchAction\",\"target\":{\"@type\":\"EntryPoint\",\"urlTemplate\":\"https:\\\/\\\/psiholoskapraksagrbavac.hr\\\/?s={search_term_string}\"},\"query-input\":{\"@type\":\"PropertyValueSpecification\",\"valueRequired\":true,\"valueName\":\"search_term_string\"}}],\"inLanguage\":\"hr\"},{\"@type\":\"Organization\",\"@id\":\"https:\\\/\\\/psiholoskapraksagrbavac.hr\\\/#organization\",\"name\":\"Growing Minds privatna psiholo\u0161ka praksa Mia Grbavac\",\"url\":\"https:\\\/\\\/psiholoskapraksagrbavac.hr\\\/\",\"logo\":{\"@type\":\"ImageObject\",\"inLanguage\":\"hr\",\"@id\":\"https:\\\/\\\/psiholoskapraksagrbavac.hr\\\/#\\\/schema\\\/logo\\\/image\\\/\",\"url\":\"https:\\\/\\\/psiholoskapraksagrbavac.hr\\\/wp-content\\\/uploads\\\/2025\\\/02\\\/1738595914855.jpg\",\"contentUrl\":\"https:\\\/\\\/psiholoskapraksagrbavac.hr\\\/wp-content\\\/uploads\\\/2025\\\/02\\\/1738595914855.jpg\",\"width\":1429,\"height\":2000,\"caption\":\"Growing Minds privatna psiholo\u0161ka praksa Mia Grbavac\"},\"image\":{\"@id\":\"https:\\\/\\\/psiholoskapraksagrbavac.hr\\\/#\\\/schema\\\/logo\\\/image\\\/\"},\"sameAs\":[\"https:\\\/\\\/www.facebook.com\\\/profile.php?id=61570028410132\",\"https:\\\/\\\/www.instagram.com\\\/growingminds_split\\\/\"]}]}<\/script>\n<!-- \/ Yoast SEO plugin. -->","yoast_head_json":{"title":"Growing Minds | Psiholog Split","description":"Psiholog Split - Mia Grbavac, stru\u010dna psiholo\u0161ka pomo\u0107 za djecu, mlade i roditelje. Nudimo usluge psiholo\u0161kog savjetovanja i dijagnostike.","robots":{"index":"index","follow":"follow","max-snippet":"max-snippet:-1","max-image-preview":"max-image-preview:large","max-video-preview":"max-video-preview:-1"},"canonical":"https:\/\/psiholoskapraksagrbavac.hr\/?page_id=86","og_locale":"hr_HR","og_type":"article","og_title":"Growing Minds | Psiholog Split","og_description":"Psiholog Split - Mia Grbavac, stru\u010dna psiholo\u0161ka pomo\u0107 za djecu, mlade i roditelje. Nudimo usluge psiholo\u0161kog savjetovanja i dijagnostike.","og_url":"https:\/\/psiholoskapraksagrbavac.hr\/?page_id=86","og_site_name":"Growing Minds privatna psiholo\u0161ka praksa Mia Grbavac","article_publisher":"https:\/\/www.facebook.com\/profile.php?id=61570028410132","article_modified_time":"2025-08-25T11:44:12+00:00","twitter_card":"summary_large_image","twitter_misc":{"Procijenjeno vrijeme \u010ditanja":"1 minuta"},"schema":{"@context":"https:\/\/schema.org","@graph":[{"@type":"WebPage","@id":"https:\/\/psiholoskapraksagrbavac.hr\/?page_id=86","url":"https:\/\/psiholoskapraksagrbavac.hr\/?page_id=86","name":"Growing Minds | Psiholog Split","isPartOf":{"@id":"https:\/\/psiholoskapraksagrbavac.hr\/#website"},"datePublished":"2025-02-03T15:26:42+00:00","dateModified":"2025-08-25T11:44:12+00:00","description":"Psiholog Split - Mia Grbavac, stru\u010dna psiholo\u0161ka pomo\u0107 za djecu, mlade i roditelje. Nudimo usluge psiholo\u0161kog savjetovanja i dijagnostike.","breadcrumb":{"@id":"https:\/\/psiholoskapraksagrbavac.hr\/?page_id=86#breadcrumb"},"inLanguage":"hr","potentialAction":[{"@type":"ReadAction","target":["https:\/\/psiholoskapraksagrbavac.hr\/?page_id=86"]}]},{"@type":"BreadcrumbList","@id":"https:\/\/psiholoskapraksagrbavac.hr\/?page_id=86#breadcrumb","itemListElement":[{"@type":"ListItem","position":1,"name":"Po\u010detna stranica","item":"https:\/\/psiholoskapraksagrbavac.hr\/"},{"@type":"ListItem","position":2,"name":"Cjenik"}]},{"@type":"WebSite","@id":"https:\/\/psiholoskapraksagrbavac.hr\/#website","url":"https:\/\/psiholoskapraksagrbavac.hr\/","name":"Growing Minds privatna psiholo\u0161ka praksa Mia Grbavac","description":"Psiholog Split","publisher":{"@id":"https:\/\/psiholoskapraksagrbavac.hr\/#organization"},"potentialAction":[{"@type":"SearchAction","target":{"@type":"EntryPoint","urlTemplate":"https:\/\/psiholoskapraksagrbavac.hr\/?s={search_term_string}"},"query-input":{"@type":"PropertyValueSpecification","valueRequired":true,"valueName":"search_term_string"}}],"inLanguage":"hr"},{"@type":"Organization","@id":"https:\/\/psiholoskapraksagrbavac.hr\/#organization","name":"Growing Minds privatna psiholo\u0161ka praksa Mia Grbavac","url":"https:\/\/psiholoskapraksagrbavac.hr\/","logo":{"@type":"ImageObject","inLanguage":"hr","@id":"https:\/\/psiholoskapraksagrbavac.hr\/#\/schema\/logo\/image\/","url":"https:\/\/psiholoskapraksagrbavac.hr\/wp-content\/uploads\/2025\/02\/1738595914855.jpg","contentUrl":"https:\/\/psiholoskapraksagrbavac.hr\/wp-content\/uploads\/2025\/02\/1738595914855.jpg","width":1429,"height":2000,"caption":"Growing Minds privatna psiholo\u0161ka praksa Mia Grbavac"},"image":{"@id":"https:\/\/psiholoskapraksagrbavac.hr\/#\/schema\/logo\/image\/"},"sameAs":["https:\/\/www.facebook.com\/profile.php?id=61570028410132","https:\/\/www.instagram.com\/growingminds_split\/"]}]}},"_links":{"self":[{"href":"https:\/\/psiholoskapraksagrbavac.hr\/index.php?rest_route=\/wp\/v2\/pages\/86","targetHints":{"allow":["GET"]}}],"collection":[{"href":"https:\/\/psiholoskapraksagrbavac.hr\/index.php?rest_route=\/wp\/v2\/pages"}],"about":[{"href":"https:\/\/psiholoskapraksagrbavac.hr\/index.php?rest_route=\/wp\/v2\/types\/page"}],"author":[{"embeddable":true,"href":"https:\/\/psiholoskapraksagrbavac.hr\/index.php?rest_route=\/wp\/v2\/users\/1"}],"replies":[{"embeddable":true,"href":"https:\/\/psiholoskapraksagrbavac.hr\/index.php?rest_route=%2Fwp%2Fv2%2Fcomments&post=86"}],"version-history":[{"count":22,"href":"https:\/\/psiholoskapraksagrbavac.hr\/index.php?rest_route=\/wp\/v2\/pages\/86\/revisions"}],"predecessor-version":[{"id":287,"href":"https:\/\/psiholoskapraksagrbavac.hr\/index.php?rest_route=\/wp\/v2\/pages\/86\/revisions\/287"}],"wp:attachment":[{"href":"https:\/\/psiholoskapraksagrbavac.hr\/index.php?rest_route=%2Fwp%2Fv2%2Fmedia&parent=86"}],"curies":[{"name":"wp","href":"https:\/\/api.w.org\/{rel}","templated":true}]}}