{"id":149,"date":"2025-02-04T05:43:58","date_gmt":"2025-02-04T05:43:58","guid":{"rendered":"https:\/\/psiholoskapraksagrbavac.hr\/?page_id=149"},"modified":"2025-08-25T11:49:09","modified_gmt":"2025-08-25T11:49:09","slug":"dijagnostika","status":"publish","type":"page","link":"https:\/\/psiholoskapraksagrbavac.hr\/?page_id=149","title":{"rendered":"Psiholo\u0161ka dijagnostika"},"content":{"rendered":"\t\t<div data-elementor-type=\"wp-page\" data-elementor-id=\"149\" class=\"elementor elementor-149\">\n\t\t\t\t<div class=\"elementor-element elementor-element-47540bfb e-flex e-con-boxed e-con e-parent\" data-id=\"47540bfb\" data-element_type=\"container\" data-e-type=\"container\">\n\t\t\t\t\t<div class=\"e-con-inner\">\n\t\t\t\t<div class=\"elementor-element elementor-element-751e8351 elementor-widget elementor-widget-text-editor\" data-id=\"751e8351\" data-element_type=\"widget\" data-e-type=\"widget\" data-widget_type=\"text-editor.default\">\n\t\t\t\t<div class=\"elementor-widget-container\">\n\t\t\t\t\t\t\t\t\t\n<div class=\"wp-block-cover alignfull is-light has-contrast-color has-text-color has-link-color wp-elements-a97b794f15522bc85b20ff9edf2a8ea5\" style=\"margin-top:0;margin-bottom:0;padding-top:var(--wp--preset--spacing--60);padding-right:var(--wp--preset--spacing--50);padding-bottom:var(--wp--preset--spacing--60);padding-left:var(--wp--preset--spacing--50)\"><span aria-hidden=\"true\" class=\"wp-block-cover__background has-base-background-color has-background-dim-100 has-background-dim\"><\/span><div class=\"wp-block-cover__inner-container has-global-padding is-layout-constrained wp-container-core-cover-is-layout-873ee6b1 wp-block-cover-is-layout-constrained\">\n<div class=\"wp-block-columns alignwide is-layout-flex wp-container-core-columns-is-layout-7ee84d44 wp-block-columns-is-layout-flex\">\n<div class=\"wp-block-column is-layout-flow wp-block-column-is-layout-flow\" style=\"flex-basis:65%\">\n<pre class=\"wp-block-verse\">Tijekom moje prakse u radu s roditeljima i djecom roditelji bi se \u010desto javljali s pitanjima: \u201eU \u010demu je problem s njihovom djecom?\u201c jer bi vidjeli ili osjetili da neki problem postoji. Za\u0161to dijete ku\u0107i u\u010di, a u \u0161koli se ne mo\u017ee sjetiti ni\u010dega? Za\u0161to u pismenim ispitima dobiva puno bolje ocjene nego u usmenima i obratno? Za\u0161to dijete pokazuje nagle promjene raspolo\u017eenja, \u010desto je odsutno i tu\u017eno? Za\u0161to ne mo\u017ee spavati, grize nokte i ima napadaje anksioznosti? \u0160to ako ga ne\u0161to mu\u010di, a nikome ne pri\u010da o tome? Kako moje dijete rje\u0161ava probleme i suo\u010dava se sa stresom?<br><br>Roditeljstvo je prepuno razli\u010ditih izazova i pitanja \u2013 osobito dok su djeca mala. \u0160to mogu napraviti kao roditelj da mu pomognem s te\u0161ko\u0107om koju ima? Je li mom djetetu potreban primjereni oblik \u0161kolovanja (redovni program s individualiziranim postupcima ili redovni program uz prilagodbu sadr\u017eaja i dr.)? Je li moje dijete spremno za prvi razred?<br><br>Na ova pitanja nam odgovor mo\u017ee dati psiholo\u0161ka procjena\/dijagnostika.<br><br><strong>Psiholo\u0161ka procjena djece je postupak u kojem psiholozi kroz razgovor s roditeljima, promatranje djetetovog pona\u0161anja i primjenu suvremenih psihodijagnosti\u010dkih instrumenata dobivaju uvid u sljede\u0107e aspekte dje\u010djeg razvoja:<\/strong><br><br>\u2022\tIntelektualne sposobnosti i potencijale<br>\u2022\tPa\u017enju i pam\u0107enje<br>\u2022\tVerbalne sposobnosti<br>\u2022\tSocijalno i emocionalno funkcioniranje<br>\u2022\tPrisutnost simptoma depresivnosti, anksioznosti, fobija, \u2026<br>\u2022\tNa\u010dine suo\u010davanja s problemima i stresom<br>\u2022\tOsobine li\u010dnosti<br><br>Ova procjena omogu\u0107ava prepoznavanje pote\u0161ko\u0107a u djetetovom funkcioniranju, pra\u0107enje tijeka njegovog razvoja te usmjeravanje na odgovaraju\u0107e intervencije, uz mogu\u0107nost pra\u0107enja njihovih u\u010dinaka. Psiholo\u0161ka procjena klju\u010dan je korak u radu s djecom koja imaju pote\u0161ko\u0107e u u\u010denju. Kroz detaljnu dijagnostiku, dobiva se jasna slika o izvoru djetetovih te\u0161ko\u0107a, \u010dime se omogu\u0107uje preporuka za najprikladniji oblik \u0161kolovanja. Osim toga, nalaz sadr\u017ei konkretne smjernice za rad s djetetom, kako u \u0161koli, tako i kod ku\u0107e.<br><br><strong>Psiholo\u0161ku procjenu, ovisno o dobi i mogu\u0107nostima djeteta, provodimo u 3 do 5 susreta<\/strong>. Testove koje \u0107u koristiti biram s obzirom na dob djeteta i svrhu procjene, ali vode\u0107i se time da od provedenih testova dobijem \u0161to vi\u0161e informacija. Na kraju procjene, roditelj dobije pisani nalaz s preporukama.<br><br><strong>Tijek procjene\/dijagnostike:<\/strong><br><br>1.\tRoditelji\/skrbnici razgovaraju s psihologom o razli\u010ditim aspektima djetetovog dosada\u0161njeg razvoja i svojim zapa\u017eanjima te zajedno dogovaramo ciljeve i du\u017einu procjene (trajanje: 45 minuta).<br>2.\tTestiranje djeteta posebnim psihodijagnosti\u010dkim instrumentima. Ovisno o podru\u010dju procjene, testiranje mo\u017ee trajati kra\u0107e i du\u017ee (od 45 minuta do 120 minuta). Ponekad je zbog djetetove koncentracije i zamora potrebno je testiranje obaviti u dva, a ponekad i tri dolaska. Du\u017einu procjene i termine dolaska dogovaraju se prethodno s roditeljima.<br>3.\tRoditeljima\/skrbnicima se prezentira nalaz psiholo\u0161ke procjene uz detaljno obja\u0161njenje i prakti\u010dne savjete za podr\u017eavanje djetetovog razvoja (za \u0161kolu i roditelje) (trajanje: 45 minuta).<br><br><strong>Prvi i zadnji susret je mogu\u0107e obaviti i putem videopoziva, dok se samo testiranje obavlja isklju\u010divo u\u017eivo.<\/strong><br><\/pre>\n<\/div>\n\n\n\n<div class=\"wp-block-column is-layout-flow wp-block-column-is-layout-flow\" style=\"flex-basis:35%\">\n<div class=\"wp-block-group is-vertical is-content-justification-stretch is-nowrap is-layout-flex wp-container-core-group-is-layout-73b0033c wp-block-group-is-layout-flex\">\n<figure class=\"wp-block-image size-full\"><img fetchpriority=\"high\" decoding=\"async\" width=\"1200\" height=\"1600\" src=\"https:\/\/psiholoskapraksagrbavac.hr\/wp-content\/uploads\/2025\/02\/WhatsApp-Image-2025-02-01-at-22.54.58-1-3.jpeg\" alt=\"\" class=\"wp-image-159\" style=\"aspect-ratio:3\/4;object-fit:cover\" srcset=\"https:\/\/psiholoskapraksagrbavac.hr\/wp-content\/uploads\/2025\/02\/WhatsApp-Image-2025-02-01-at-22.54.58-1-3.jpeg 1200w, https:\/\/psiholoskapraksagrbavac.hr\/wp-content\/uploads\/2025\/02\/WhatsApp-Image-2025-02-01-at-22.54.58-1-3-225x300.jpeg 225w, https:\/\/psiholoskapraksagrbavac.hr\/wp-content\/uploads\/2025\/02\/WhatsApp-Image-2025-02-01-at-22.54.58-1-3-768x1024.jpeg 768w, https:\/\/psiholoskapraksagrbavac.hr\/wp-content\/uploads\/2025\/02\/WhatsApp-Image-2025-02-01-at-22.54.58-1-3-1152x1536.jpeg 1152w\" sizes=\"(max-width: 1200px) 100vw, 1200px\" \/><\/figure>\n<\/div>\n<\/div>\n<\/div>\n<\/div><\/div>\n\n\n<nav class=\"is-responsive items-justified-right wp-block-navigation is-content-justification-right is-layout-flex wp-container-core-navigation-is-layout-d445cf74 wp-block-navigation-is-layout-flex\" aria-label=\"Navigacija 2\" \n\t\t data-wp-interactive=\"core\/navigation\" data-wp-context='{\"overlayOpenedBy\":{\"click\":false,\"hover\":false,\"focus\":false},\"type\":\"overlay\",\"roleAttribute\":\"\",\"ariaLabel\":\"Izbornik\"}'><button aria-haspopup=\"dialog\" aria-label=\"Otvori izbornik\" class=\"wp-block-navigation__responsive-container-open\" \n\t\t\t\tdata-wp-on--click=\"actions.openMenuOnClick\"\n\t\t\t\tdata-wp-on--keydown=\"actions.handleMenuKeydown\"\n\t\t\t><svg width=\"24\" height=\"24\" xmlns=\"http:\/\/www.w3.org\/2000\/svg\" viewBox=\"0 0 24 24\" aria-hidden=\"true\" focusable=\"false\"><path d=\"M4 7.5h16v1.5H4z\"><\/path><path d=\"M4 15h16v1.5H4z\"><\/path><\/svg><\/button>\n\t\t\t\t<div class=\"wp-block-navigation__responsive-container\"  id=\"modal-2\" \n\t\t\t\tdata-wp-class--has-modal-open=\"state.isMenuOpen\"\n\t\t\t\tdata-wp-class--is-menu-open=\"state.isMenuOpen\"\n\t\t\t\tdata-wp-watch=\"callbacks.initMenu\"\n\t\t\t\tdata-wp-on--keydown=\"actions.handleMenuKeydown\"\n\t\t\t\tdata-wp-on--focusout=\"actions.handleMenuFocusout\"\n\t\t\t\ttabindex=\"-1\"\n\t\t\t>\n\t\t\t\t\t<div class=\"wp-block-navigation__responsive-close\" tabindex=\"-1\">\n\t\t\t\t\t\t<div class=\"wp-block-navigation__responsive-dialog\" \n\t\t\t\tdata-wp-bind--aria-modal=\"state.ariaModal\"\n\t\t\t\tdata-wp-bind--aria-label=\"state.ariaLabel\"\n\t\t\t\tdata-wp-bind--role=\"state.roleAttribute\"\n\t\t\t>\n\t\t\t\t\t\t\t<button aria-label=\"Zatvori izbornik\" class=\"wp-block-navigation__responsive-container-close\" \n\t\t\t\tdata-wp-on--click=\"actions.closeMenuOnClick\"\n\t\t\t><svg xmlns=\"http:\/\/www.w3.org\/2000\/svg\" viewBox=\"0 0 24 24\" width=\"24\" height=\"24\" aria-hidden=\"true\" focusable=\"false\"><path d=\"m13.06 12 6.47-6.47-1.06-1.06L12 10.94 5.53 4.47 4.47 5.53 10.94 12l-6.47 6.47 1.06 1.06L12 13.06l6.47 6.47 1.06-1.06L13.06 12Z\"><\/path><\/svg><\/button>\n\t\t\t\t\t\t\t<div class=\"wp-block-navigation__responsive-container-content\" \n\t\t\t\tdata-wp-watch=\"callbacks.focusFirstElement\"\n\t\t\t id=\"modal-2-content\">\n\t\t\t\t\t\t\t\t<ul class=\"wp-block-navigation__container is-responsive items-justified-right wp-block-navigation\"><li class=\" wp-block-navigation-item wp-block-navigation-link\"><a class=\"wp-block-navigation-item__content\"  href=\"https:\/\/psiholoskapraksagrbavac.hr\/?page_id=83\"><span class=\"wp-block-navigation-item__label\">O meni\u2026<\/span><\/a><\/li><li class=\" wp-block-navigation-item wp-block-navigation-link\"><a class=\"wp-block-navigation-item__content\"  href=\"https:\/\/psiholoskapraksagrbavac.hr\/?page_id=84\"><span class=\"wp-block-navigation-item__label\">Usluge<\/span><\/a><\/li><li class=\" wp-block-navigation-item wp-block-navigation-link\"><a class=\"wp-block-navigation-item__content\"  href=\"https:\/\/psiholoskapraksagrbavac.hr\/?page_id=86\"><span class=\"wp-block-navigation-item__label\">Cjenik<\/span><\/a><\/li><li class=\" wp-block-navigation-item wp-block-navigation-link\"><a class=\"wp-block-navigation-item__content\"  href=\"https:\/\/psiholoskapraksagrbavac.hr\/?page_id=109\"><span class=\"wp-block-navigation-item__label\">Galerija<\/span><\/a><\/li><li class=\" wp-block-navigation-item wp-block-navigation-link\"><a class=\"wp-block-navigation-item__content\"  href=\"https:\/\/psiholoskapraksagrbavac.hr\/?page_id=88\"><span class=\"wp-block-navigation-item__label\">Kontakt<\/span><\/a><\/li><li class=\" wp-block-navigation-item wp-block-navigation-link\"><a class=\"wp-block-navigation-item__content\"  href=\"https:\/\/psiholoskapraksagrbavac.hr\/\"><span class=\"wp-block-navigation-item__label\">Po\u010detna<\/span><\/a><\/li><\/ul>\n\t\t\t\t\t\t\t<\/div>\n\t\t\t\t\t\t<\/div>\n\t\t\t\t\t<\/div>\n\t\t\t\t<\/div><\/nav>\t\t\t\t\t\t\t\t<\/div>\n\t\t\t\t<\/div>\n\t\t\t\t\t<\/div>\n\t\t\t\t<\/div>\n\t\t<div class=\"elementor-element elementor-element-8dc96f0 e-flex e-con-boxed e-con e-parent\" data-id=\"8dc96f0\" data-element_type=\"container\" data-e-type=\"container\">\n\t\t\t\t\t<div class=\"e-con-inner\">\n\t\t\t\t<div class=\"elementor-element elementor-element-4ce1cc4 elementor-widget elementor-widget-heading\" data-id=\"4ce1cc4\" data-element_type=\"widget\" data-e-type=\"widget\" data-widget_type=\"heading.default\">\n\t\t\t\t<div class=\"elementor-widget-container\">\n\t\t\t\t\t<h2 class=\"elementor-heading-title elementor-size-default\">Psiholo\u0161ka dijagnostika<\/h2>\t\t\t\t<\/div>\n\t\t\t\t<\/div>\n\t\t\t\t\t<\/div>\n\t\t\t\t<\/div>\n\t\t\t\t<\/div>\n\t\t","protected":false},"excerpt":{"rendered":"<p>Psiholo\u0161ka dijagnostika<\/p>\n","protected":false},"author":1,"featured_media":0,"parent":0,"menu_order":0,"comment_status":"closed","ping_status":"closed","template":"","meta":{"_monsterinsights_skip_tracking":false,"_monsterinsights_sitenote_active":false,"_monsterinsights_sitenote_note":"","_monsterinsights_sitenote_category":0,"footnotes":""},"class_list":["post-149","page","type-page","status-publish","hentry"],"yoast_head":"<!-- This site is optimized with the Yoast SEO plugin v27.3 - https:\/\/yoast.com\/product\/yoast-seo-wordpress\/ -->\n<title>Psiholo\u0161ka dijagnostika - Growing Minds privatna psiholo\u0161ka praksa Mia Grbavac Psiholog Split<\/title>\n<meta name=\"description\" content=\"Psiholog Split - Mia Grbavac, stru\u010dna psiholo\u0161ka pomo\u0107 za djecu, mlade i roditelje. Nudimo usluge psiholo\u0161kog savjetovanja i dijagnostike.\" \/>\n<meta name=\"robots\" content=\"index, follow, max-snippet:-1, max-image-preview:large, max-video-preview:-1\" \/>\n<link rel=\"canonical\" href=\"https:\/\/psiholoskapraksagrbavac.hr\/?page_id=149\" \/>\n<meta property=\"og:locale\" content=\"hr_HR\" \/>\n<meta property=\"og:type\" content=\"article\" \/>\n<meta property=\"og:title\" content=\"Psiholo\u0161ka dijagnostika - Growing Minds privatna psiholo\u0161ka praksa Mia Grbavac Psiholog Split\" \/>\n<meta property=\"og:description\" content=\"Psiholog Split - Mia Grbavac, stru\u010dna psiholo\u0161ka pomo\u0107 za djecu, mlade i roditelje. Nudimo usluge psiholo\u0161kog savjetovanja i dijagnostike.\" \/>\n<meta property=\"og:url\" content=\"https:\/\/psiholoskapraksagrbavac.hr\/?page_id=149\" \/>\n<meta property=\"og:site_name\" content=\"Growing Minds privatna psiholo\u0161ka praksa Mia Grbavac\" \/>\n<meta property=\"article:publisher\" content=\"https:\/\/www.facebook.com\/profile.php?id=61570028410132\" \/>\n<meta property=\"article:modified_time\" content=\"2025-08-25T11:49:09+00:00\" \/>\n<meta property=\"og:image\" content=\"https:\/\/psiholoskapraksagrbavac.hr\/wp-content\/uploads\/2025\/02\/WhatsApp-Image-2025-02-01-at-22.54.58-1-3.jpeg\" \/>\n\t<meta property=\"og:image:width\" content=\"1200\" \/>\n\t<meta property=\"og:image:height\" content=\"1600\" \/>\n\t<meta property=\"og:image:type\" content=\"image\/jpeg\" \/>\n<meta name=\"twitter:card\" content=\"summary_large_image\" \/>\n<meta name=\"twitter:label1\" content=\"Procijenjeno vrijeme \u010ditanja\" \/>\n\t<meta name=\"twitter:data1\" content=\"1 minuta\" \/>\n<script type=\"application\/ld+json\" class=\"yoast-schema-graph\">{\"@context\":\"https:\\\/\\\/schema.org\",\"@graph\":[{\"@type\":\"WebPage\",\"@id\":\"https:\\\/\\\/psiholoskapraksagrbavac.hr\\\/?page_id=149\",\"url\":\"https:\\\/\\\/psiholoskapraksagrbavac.hr\\\/?page_id=149\",\"name\":\"Psiholo\u0161ka dijagnostika - Growing Minds privatna psiholo\u0161ka praksa Mia Grbavac Psiholog Split\",\"isPartOf\":{\"@id\":\"https:\\\/\\\/psiholoskapraksagrbavac.hr\\\/#website\"},\"primaryImageOfPage\":{\"@id\":\"https:\\\/\\\/psiholoskapraksagrbavac.hr\\\/?page_id=149#primaryimage\"},\"image\":{\"@id\":\"https:\\\/\\\/psiholoskapraksagrbavac.hr\\\/?page_id=149#primaryimage\"},\"thumbnailUrl\":\"https:\\\/\\\/psiholoskapraksagrbavac.hr\\\/wp-content\\\/uploads\\\/2025\\\/02\\\/WhatsApp-Image-2025-02-01-at-22.54.58-1-3.jpeg\",\"datePublished\":\"2025-02-04T05:43:58+00:00\",\"dateModified\":\"2025-08-25T11:49:09+00:00\",\"description\":\"Psiholog Split - Mia Grbavac, stru\u010dna psiholo\u0161ka pomo\u0107 za djecu, mlade i roditelje. Nudimo usluge psiholo\u0161kog savjetovanja i dijagnostike.\",\"breadcrumb\":{\"@id\":\"https:\\\/\\\/psiholoskapraksagrbavac.hr\\\/?page_id=149#breadcrumb\"},\"inLanguage\":\"hr\",\"potentialAction\":[{\"@type\":\"ReadAction\",\"target\":[\"https:\\\/\\\/psiholoskapraksagrbavac.hr\\\/?page_id=149\"]}]},{\"@type\":\"ImageObject\",\"inLanguage\":\"hr\",\"@id\":\"https:\\\/\\\/psiholoskapraksagrbavac.hr\\\/?page_id=149#primaryimage\",\"url\":\"https:\\\/\\\/psiholoskapraksagrbavac.hr\\\/wp-content\\\/uploads\\\/2025\\\/02\\\/WhatsApp-Image-2025-02-01-at-22.54.58-1-3.jpeg\",\"contentUrl\":\"https:\\\/\\\/psiholoskapraksagrbavac.hr\\\/wp-content\\\/uploads\\\/2025\\\/02\\\/WhatsApp-Image-2025-02-01-at-22.54.58-1-3.jpeg\",\"width\":1200,\"height\":1600,\"caption\":\"Psiholog Split\"},{\"@type\":\"BreadcrumbList\",\"@id\":\"https:\\\/\\\/psiholoskapraksagrbavac.hr\\\/?page_id=149#breadcrumb\",\"itemListElement\":[{\"@type\":\"ListItem\",\"position\":1,\"name\":\"Po\u010detna stranica\",\"item\":\"https:\\\/\\\/psiholoskapraksagrbavac.hr\\\/\"},{\"@type\":\"ListItem\",\"position\":2,\"name\":\"Psiholo\u0161ka dijagnostika\"}]},{\"@type\":\"WebSite\",\"@id\":\"https:\\\/\\\/psiholoskapraksagrbavac.hr\\\/#website\",\"url\":\"https:\\\/\\\/psiholoskapraksagrbavac.hr\\\/\",\"name\":\"Growing Minds privatna psiholo\u0161ka praksa Mia Grbavac\",\"description\":\"Psiholog Split\",\"publisher\":{\"@id\":\"https:\\\/\\\/psiholoskapraksagrbavac.hr\\\/#organization\"},\"potentialAction\":[{\"@type\":\"SearchAction\",\"target\":{\"@type\":\"EntryPoint\",\"urlTemplate\":\"https:\\\/\\\/psiholoskapraksagrbavac.hr\\\/?s={search_term_string}\"},\"query-input\":{\"@type\":\"PropertyValueSpecification\",\"valueRequired\":true,\"valueName\":\"search_term_string\"}}],\"inLanguage\":\"hr\"},{\"@type\":\"Organization\",\"@id\":\"https:\\\/\\\/psiholoskapraksagrbavac.hr\\\/#organization\",\"name\":\"Growing Minds privatna psiholo\u0161ka praksa Mia Grbavac\",\"url\":\"https:\\\/\\\/psiholoskapraksagrbavac.hr\\\/\",\"logo\":{\"@type\":\"ImageObject\",\"inLanguage\":\"hr\",\"@id\":\"https:\\\/\\\/psiholoskapraksagrbavac.hr\\\/#\\\/schema\\\/logo\\\/image\\\/\",\"url\":\"https:\\\/\\\/psiholoskapraksagrbavac.hr\\\/wp-content\\\/uploads\\\/2025\\\/02\\\/1738595914855.jpg\",\"contentUrl\":\"https:\\\/\\\/psiholoskapraksagrbavac.hr\\\/wp-content\\\/uploads\\\/2025\\\/02\\\/1738595914855.jpg\",\"width\":1429,\"height\":2000,\"caption\":\"Growing Minds privatna psiholo\u0161ka praksa Mia Grbavac\"},\"image\":{\"@id\":\"https:\\\/\\\/psiholoskapraksagrbavac.hr\\\/#\\\/schema\\\/logo\\\/image\\\/\"},\"sameAs\":[\"https:\\\/\\\/www.facebook.com\\\/profile.php?id=61570028410132\",\"https:\\\/\\\/www.instagram.com\\\/growingminds_split\\\/\"]}]}<\/script>\n<!-- \/ Yoast SEO plugin. -->","yoast_head_json":{"title":"Psiholo\u0161ka dijagnostika - Growing Minds privatna psiholo\u0161ka praksa Mia Grbavac Psiholog Split","description":"Psiholog Split - Mia Grbavac, stru\u010dna psiholo\u0161ka pomo\u0107 za djecu, mlade i roditelje. Nudimo usluge psiholo\u0161kog savjetovanja i dijagnostike.","robots":{"index":"index","follow":"follow","max-snippet":"max-snippet:-1","max-image-preview":"max-image-preview:large","max-video-preview":"max-video-preview:-1"},"canonical":"https:\/\/psiholoskapraksagrbavac.hr\/?page_id=149","og_locale":"hr_HR","og_type":"article","og_title":"Psiholo\u0161ka dijagnostika - Growing Minds privatna psiholo\u0161ka praksa Mia Grbavac Psiholog Split","og_description":"Psiholog Split - Mia Grbavac, stru\u010dna psiholo\u0161ka pomo\u0107 za djecu, mlade i roditelje. Nudimo usluge psiholo\u0161kog savjetovanja i dijagnostike.","og_url":"https:\/\/psiholoskapraksagrbavac.hr\/?page_id=149","og_site_name":"Growing Minds privatna psiholo\u0161ka praksa Mia Grbavac","article_publisher":"https:\/\/www.facebook.com\/profile.php?id=61570028410132","article_modified_time":"2025-08-25T11:49:09+00:00","og_image":[{"width":1200,"height":1600,"url":"https:\/\/psiholoskapraksagrbavac.hr\/wp-content\/uploads\/2025\/02\/WhatsApp-Image-2025-02-01-at-22.54.58-1-3.jpeg","type":"image\/jpeg"}],"twitter_card":"summary_large_image","twitter_misc":{"Procijenjeno vrijeme \u010ditanja":"1 minuta"},"schema":{"@context":"https:\/\/schema.org","@graph":[{"@type":"WebPage","@id":"https:\/\/psiholoskapraksagrbavac.hr\/?page_id=149","url":"https:\/\/psiholoskapraksagrbavac.hr\/?page_id=149","name":"Psiholo\u0161ka dijagnostika - Growing Minds privatna psiholo\u0161ka praksa Mia Grbavac Psiholog Split","isPartOf":{"@id":"https:\/\/psiholoskapraksagrbavac.hr\/#website"},"primaryImageOfPage":{"@id":"https:\/\/psiholoskapraksagrbavac.hr\/?page_id=149#primaryimage"},"image":{"@id":"https:\/\/psiholoskapraksagrbavac.hr\/?page_id=149#primaryimage"},"thumbnailUrl":"https:\/\/psiholoskapraksagrbavac.hr\/wp-content\/uploads\/2025\/02\/WhatsApp-Image-2025-02-01-at-22.54.58-1-3.jpeg","datePublished":"2025-02-04T05:43:58+00:00","dateModified":"2025-08-25T11:49:09+00:00","description":"Psiholog Split - Mia Grbavac, stru\u010dna psiholo\u0161ka pomo\u0107 za djecu, mlade i roditelje. Nudimo usluge psiholo\u0161kog savjetovanja i dijagnostike.","breadcrumb":{"@id":"https:\/\/psiholoskapraksagrbavac.hr\/?page_id=149#breadcrumb"},"inLanguage":"hr","potentialAction":[{"@type":"ReadAction","target":["https:\/\/psiholoskapraksagrbavac.hr\/?page_id=149"]}]},{"@type":"ImageObject","inLanguage":"hr","@id":"https:\/\/psiholoskapraksagrbavac.hr\/?page_id=149#primaryimage","url":"https:\/\/psiholoskapraksagrbavac.hr\/wp-content\/uploads\/2025\/02\/WhatsApp-Image-2025-02-01-at-22.54.58-1-3.jpeg","contentUrl":"https:\/\/psiholoskapraksagrbavac.hr\/wp-content\/uploads\/2025\/02\/WhatsApp-Image-2025-02-01-at-22.54.58-1-3.jpeg","width":1200,"height":1600,"caption":"Psiholog Split"},{"@type":"BreadcrumbList","@id":"https:\/\/psiholoskapraksagrbavac.hr\/?page_id=149#breadcrumb","itemListElement":[{"@type":"ListItem","position":1,"name":"Po\u010detna stranica","item":"https:\/\/psiholoskapraksagrbavac.hr\/"},{"@type":"ListItem","position":2,"name":"Psiholo\u0161ka dijagnostika"}]},{"@type":"WebSite","@id":"https:\/\/psiholoskapraksagrbavac.hr\/#website","url":"https:\/\/psiholoskapraksagrbavac.hr\/","name":"Growing Minds privatna psiholo\u0161ka praksa Mia Grbavac","description":"Psiholog Split","publisher":{"@id":"https:\/\/psiholoskapraksagrbavac.hr\/#organization"},"potentialAction":[{"@type":"SearchAction","target":{"@type":"EntryPoint","urlTemplate":"https:\/\/psiholoskapraksagrbavac.hr\/?s={search_term_string}"},"query-input":{"@type":"PropertyValueSpecification","valueRequired":true,"valueName":"search_term_string"}}],"inLanguage":"hr"},{"@type":"Organization","@id":"https:\/\/psiholoskapraksagrbavac.hr\/#organization","name":"Growing Minds privatna psiholo\u0161ka praksa Mia Grbavac","url":"https:\/\/psiholoskapraksagrbavac.hr\/","logo":{"@type":"ImageObject","inLanguage":"hr","@id":"https:\/\/psiholoskapraksagrbavac.hr\/#\/schema\/logo\/image\/","url":"https:\/\/psiholoskapraksagrbavac.hr\/wp-content\/uploads\/2025\/02\/1738595914855.jpg","contentUrl":"https:\/\/psiholoskapraksagrbavac.hr\/wp-content\/uploads\/2025\/02\/1738595914855.jpg","width":1429,"height":2000,"caption":"Growing Minds privatna psiholo\u0161ka praksa Mia Grbavac"},"image":{"@id":"https:\/\/psiholoskapraksagrbavac.hr\/#\/schema\/logo\/image\/"},"sameAs":["https:\/\/www.facebook.com\/profile.php?id=61570028410132","https:\/\/www.instagram.com\/growingminds_split\/"]}]}},"_links":{"self":[{"href":"https:\/\/psiholoskapraksagrbavac.hr\/index.php?rest_route=\/wp\/v2\/pages\/149","targetHints":{"allow":["GET"]}}],"collection":[{"href":"https:\/\/psiholoskapraksagrbavac.hr\/index.php?rest_route=\/wp\/v2\/pages"}],"about":[{"href":"https:\/\/psiholoskapraksagrbavac.hr\/index.php?rest_route=\/wp\/v2\/types\/page"}],"author":[{"embeddable":true,"href":"https:\/\/psiholoskapraksagrbavac.hr\/index.php?rest_route=\/wp\/v2\/users\/1"}],"replies":[{"embeddable":true,"href":"https:\/\/psiholoskapraksagrbavac.hr\/index.php?rest_route=%2Fwp%2Fv2%2Fcomments&post=149"}],"version-history":[{"count":9,"href":"https:\/\/psiholoskapraksagrbavac.hr\/index.php?rest_route=\/wp\/v2\/pages\/149\/revisions"}],"predecessor-version":[{"id":308,"href":"https:\/\/psiholoskapraksagrbavac.hr\/index.php?rest_route=\/wp\/v2\/pages\/149\/revisions\/308"}],"wp:attachment":[{"href":"https:\/\/psiholoskapraksagrbavac.hr\/index.php?rest_route=%2Fwp%2Fv2%2Fmedia&parent=149"}],"curies":[{"name":"wp","href":"https:\/\/api.w.org\/{rel}","templated":true}]}}