{"id":147,"date":"2025-02-04T05:38:16","date_gmt":"2025-02-04T05:38:16","guid":{"rendered":"https:\/\/psiholoskapraksagrbavac.hr\/?page_id=147"},"modified":"2025-08-25T11:47:18","modified_gmt":"2025-08-25T11:47:18","slug":"savjetovanje-roditelja","status":"publish","type":"page","link":"https:\/\/psiholoskapraksagrbavac.hr\/?page_id=147","title":{"rendered":"Savjetovanje roditelja"},"content":{"rendered":"\t\t<div data-elementor-type=\"wp-page\" data-elementor-id=\"147\" class=\"elementor elementor-147\">\n\t\t\t\t<div class=\"elementor-element elementor-element-12c80e51 e-flex e-con-boxed e-con e-parent\" data-id=\"12c80e51\" data-element_type=\"container\" data-e-type=\"container\">\n\t\t\t\t\t<div class=\"e-con-inner\">\n\t\t\t\t<div class=\"elementor-element elementor-element-7dfbf4e6 elementor-widget elementor-widget-text-editor\" data-id=\"7dfbf4e6\" data-element_type=\"widget\" data-e-type=\"widget\" data-widget_type=\"text-editor.default\">\n\t\t\t\t<div class=\"elementor-widget-container\">\n\t\t\t\t\t\t\t\t\t\n<div class=\"wp-block-cover alignfull is-light has-contrast-color has-text-color has-link-color wp-elements-704f3b913efe907d9b6920601f5b50be\" style=\"margin-top:0;margin-bottom:0;padding-top:var(--wp--preset--spacing--60);padding-right:var(--wp--preset--spacing--50);padding-bottom:var(--wp--preset--spacing--60);padding-left:var(--wp--preset--spacing--50)\"><span aria-hidden=\"true\" class=\"wp-block-cover__background has-base-background-color has-background-dim-100 has-background-dim\"><\/span><div class=\"wp-block-cover__inner-container has-global-padding is-layout-constrained wp-container-core-cover-is-layout-873ee6b1 wp-block-cover-is-layout-constrained\">\n<div class=\"wp-block-columns alignwide is-layout-flex wp-container-core-columns-is-layout-7ee84d44 wp-block-columns-is-layout-flex\">\n<div class=\"wp-block-column is-layout-flow wp-block-column-is-layout-flow\" style=\"flex-basis:65%\">\n<pre class=\"wp-block-verse\">\u201eNe postoji savr\u0161en roditelj. Trebamo te\u017eiti tome da postanemo \u201edovoljno dobar roditelj\u201c koji je spreman mijenjati se i u\u010diti kako bi mijenjaju\u0107i sebe svojoj djeci bio najbolji primjer.\u201c<br><br>Psiholo\u0161ko savjetovanje za roditelje pru\u017ea podr\u0161ku u prevladavanju izazova roditeljstva te poma\u017ee u pronalasku u\u010dinkovitih odgojnih rje\u0161enja i pru\u017eanju emocionalne podr\u0161ke djeci. Kroz individualne razgovore roditelji dobivaju korisne smjernice za bolju komunikaciju, postavljanje zdravih granica i razumijevanje dje\u010djih emocionalnih potreba.<br>Savjetovanje je usmjereno na osna\u017eivanje roditelja kako bi se osje\u0107ali sigurnije i kompetentnije, istovremeno ja\u010daju\u0107i povezanost s djecom, \u0161to pozitivno utje\u010de na njihov razvoj i dobrobit cijele obitelji.<br><br>Ovisno o situaciji, mo\u017ee biti dovoljan jedan susret ili je potreban dulji rad. Ako se suo\u010davate s izazovima poput pote\u0161ko\u0107a u komunikaciji, nesigurnosti oko postavljanja granica ili vas zabrinjavaju djetetove emocije kao \u0161to su ljutnja, tuga, frustracija ili povu\u010denost, stru\u010dna podr\u0161ka mo\u017ee zna\u010dajno olak\u0161ati svakodnevne roditeljske izazove i doprinijeti skladnijim obiteljskim odnosima.<br><br>Roditelji se \u010desto obra\u0107aju psihologu zbog razli\u010ditih izazova s kojima se susre\u0107u u odgoju djece. Neki od naj\u010de\u0161\u0107ih razloga uklju\u010duju:<br><br>\u2022\tpromjene u pona\u0161anju djeteta koje odstupaju od uobi\u010dajenog pona\u0161anja<br>\u2022\tpote\u0161ko\u0107e u svladavanju gradiva u \u0161koli<br>\u2022\tlo\u0161a organizacija u\u010denja<br>\u2022\tdrugi problemi u u\u010denju<br>\u2022\tdobivanje informacija kako se postaviti u odnosu na te\u0161ko\u0107u koju dijete ima (kod ku\u0107e i u \u0161koli)<br>\u2022\ttraumatska iskustva koja utje\u010du na emocionalno stanje djeteta<br>\u2022\tizazovi u suo\u010davanju s emocionalnim stanjima poput depresije, anksioznosti i stresa<br>\u2022\tpromjene u obiteljskoj dinamici te \u017eivotni doga\u0111aji poput razvoda, problema u obiteljskim odnosima, zdravstvenih pote\u0161ko\u0107a djeteta ili \u010dlana obitelji, smrt \u010dlanova obitelji i drugih bliskih osoba<br>\u2022\tpreseljenje u novu \u0161kolu ili grad te problemi s prilagodbom na novu sredinu<br>\u2022\tvr\u0161nja\u010dko nasilje<br>\u2022\tsuo\u010davanje i reagiranje na ometaju\u0107a pona\u0161anja djeteta (agresivnost, ADHD, poreme\u0107aj s suprostavljanjem i prko\u0161enjem i dr.)<br>\u2022\tslabije razvijene socijalne vje\u0161tine i pote\u0161ko\u0107e u socijalizaciji s vr\u0161njacima<br>\u2022\tsamoozlje\u0111ivanje djeteta i prijetnje samoubojstvom<br><br>Dragi roditelji, u dana\u0161njem svijetu koji na roditelje stavlja veliki teret, \u010desto se u \u0161umi savjeta i informacija se znamo \u201eizgubiti\u201c. I to je u redu. To ne zna\u010di da se stvari ne mogu popraviti! Tu sam da zajedno prona\u0111emo put. Va\u0161 put, koji \u0107e bit najoptimalniji za Vas i Va\u0161e dijete. Obratite mi se s povjerenjem.<br><br><strong>Napomena: Usluge se pru\u017eaju \u201eu\u017eivo\u201c i \u201eonline\u201c<\/strong><br><\/pre>\n<\/div>\n\n\n\n<div class=\"wp-block-column is-layout-flow wp-block-column-is-layout-flow\" style=\"flex-basis:35%\">\n<div class=\"wp-block-group is-vertical is-content-justification-stretch is-nowrap is-layout-flex wp-container-core-group-is-layout-73b0033c wp-block-group-is-layout-flex\">\n<figure class=\"wp-block-image size-full\"><img fetchpriority=\"high\" decoding=\"async\" width=\"910\" height=\"1600\" src=\"https:\/\/psiholoskapraksagrbavac.hr\/wp-content\/uploads\/2025\/02\/WhatsApp-Image-2025-02-01-at-22.54.58-6.jpeg\" alt=\"\" class=\"wp-image-153\" style=\"aspect-ratio:3\/4;object-fit:cover\" srcset=\"https:\/\/psiholoskapraksagrbavac.hr\/wp-content\/uploads\/2025\/02\/WhatsApp-Image-2025-02-01-at-22.54.58-6.jpeg 910w, https:\/\/psiholoskapraksagrbavac.hr\/wp-content\/uploads\/2025\/02\/WhatsApp-Image-2025-02-01-at-22.54.58-6-171x300.jpeg 171w, https:\/\/psiholoskapraksagrbavac.hr\/wp-content\/uploads\/2025\/02\/WhatsApp-Image-2025-02-01-at-22.54.58-6-582x1024.jpeg 582w, https:\/\/psiholoskapraksagrbavac.hr\/wp-content\/uploads\/2025\/02\/WhatsApp-Image-2025-02-01-at-22.54.58-6-768x1350.jpeg 768w, https:\/\/psiholoskapraksagrbavac.hr\/wp-content\/uploads\/2025\/02\/WhatsApp-Image-2025-02-01-at-22.54.58-6-874x1536.jpeg 874w\" sizes=\"(max-width: 910px) 100vw, 910px\" \/><\/figure>\n<\/div>\n<\/div>\n<\/div>\n<\/div><\/div>\n\n\n<nav class=\"is-responsive items-justified-right wp-block-navigation is-content-justification-right is-layout-flex wp-container-core-navigation-is-layout-d445cf74 wp-block-navigation-is-layout-flex\" aria-label=\"Navigacija 2\" \n\t\t data-wp-interactive=\"core\/navigation\" data-wp-context='{\"overlayOpenedBy\":{\"click\":false,\"hover\":false,\"focus\":false},\"type\":\"overlay\",\"roleAttribute\":\"\",\"ariaLabel\":\"Izbornik\"}'><button aria-haspopup=\"dialog\" aria-label=\"Otvori izbornik\" class=\"wp-block-navigation__responsive-container-open\" \n\t\t\t\tdata-wp-on--click=\"actions.openMenuOnClick\"\n\t\t\t\tdata-wp-on--keydown=\"actions.handleMenuKeydown\"\n\t\t\t><svg width=\"24\" height=\"24\" xmlns=\"http:\/\/www.w3.org\/2000\/svg\" viewBox=\"0 0 24 24\" aria-hidden=\"true\" focusable=\"false\"><path d=\"M4 7.5h16v1.5H4z\"><\/path><path d=\"M4 15h16v1.5H4z\"><\/path><\/svg><\/button>\n\t\t\t\t<div class=\"wp-block-navigation__responsive-container\"  id=\"modal-2\" \n\t\t\t\tdata-wp-class--has-modal-open=\"state.isMenuOpen\"\n\t\t\t\tdata-wp-class--is-menu-open=\"state.isMenuOpen\"\n\t\t\t\tdata-wp-watch=\"callbacks.initMenu\"\n\t\t\t\tdata-wp-on--keydown=\"actions.handleMenuKeydown\"\n\t\t\t\tdata-wp-on--focusout=\"actions.handleMenuFocusout\"\n\t\t\t\ttabindex=\"-1\"\n\t\t\t>\n\t\t\t\t\t<div class=\"wp-block-navigation__responsive-close\" tabindex=\"-1\">\n\t\t\t\t\t\t<div class=\"wp-block-navigation__responsive-dialog\" \n\t\t\t\tdata-wp-bind--aria-modal=\"state.ariaModal\"\n\t\t\t\tdata-wp-bind--aria-label=\"state.ariaLabel\"\n\t\t\t\tdata-wp-bind--role=\"state.roleAttribute\"\n\t\t\t>\n\t\t\t\t\t\t\t<button aria-label=\"Zatvori izbornik\" class=\"wp-block-navigation__responsive-container-close\" \n\t\t\t\tdata-wp-on--click=\"actions.closeMenuOnClick\"\n\t\t\t><svg xmlns=\"http:\/\/www.w3.org\/2000\/svg\" viewBox=\"0 0 24 24\" width=\"24\" height=\"24\" aria-hidden=\"true\" focusable=\"false\"><path d=\"m13.06 12 6.47-6.47-1.06-1.06L12 10.94 5.53 4.47 4.47 5.53 10.94 12l-6.47 6.47 1.06 1.06L12 13.06l6.47 6.47 1.06-1.06L13.06 12Z\"><\/path><\/svg><\/button>\n\t\t\t\t\t\t\t<div class=\"wp-block-navigation__responsive-container-content\" \n\t\t\t\tdata-wp-watch=\"callbacks.focusFirstElement\"\n\t\t\t id=\"modal-2-content\">\n\t\t\t\t\t\t\t\t<ul class=\"wp-block-navigation__container is-responsive items-justified-right wp-block-navigation\"><li class=\" wp-block-navigation-item wp-block-navigation-link\"><a class=\"wp-block-navigation-item__content\"  href=\"https:\/\/psiholoskapraksagrbavac.hr\/?page_id=83\"><span class=\"wp-block-navigation-item__label\">O meni\u2026<\/span><\/a><\/li><li class=\" wp-block-navigation-item wp-block-navigation-link\"><a class=\"wp-block-navigation-item__content\"  href=\"https:\/\/psiholoskapraksagrbavac.hr\/?page_id=84\"><span class=\"wp-block-navigation-item__label\">Usluge<\/span><\/a><\/li><li class=\" wp-block-navigation-item wp-block-navigation-link\"><a class=\"wp-block-navigation-item__content\"  href=\"https:\/\/psiholoskapraksagrbavac.hr\/?page_id=86\"><span class=\"wp-block-navigation-item__label\">Cjenik<\/span><\/a><\/li><li class=\" wp-block-navigation-item wp-block-navigation-link\"><a class=\"wp-block-navigation-item__content\"  href=\"https:\/\/psiholoskapraksagrbavac.hr\/?page_id=109\"><span class=\"wp-block-navigation-item__label\">Galerija<\/span><\/a><\/li><li class=\" wp-block-navigation-item wp-block-navigation-link\"><a class=\"wp-block-navigation-item__content\"  href=\"https:\/\/psiholoskapraksagrbavac.hr\/?page_id=88\"><span class=\"wp-block-navigation-item__label\">Kontakt<\/span><\/a><\/li><li class=\" wp-block-navigation-item wp-block-navigation-link\"><a class=\"wp-block-navigation-item__content\"  href=\"https:\/\/psiholoskapraksagrbavac.hr\/\"><span class=\"wp-block-navigation-item__label\">Po\u010detna<\/span><\/a><\/li><\/ul>\n\t\t\t\t\t\t\t<\/div>\n\t\t\t\t\t\t<\/div>\n\t\t\t\t\t<\/div>\n\t\t\t\t<\/div><\/nav>\t\t\t\t\t\t\t\t<\/div>\n\t\t\t\t<\/div>\n\t\t\t\t\t<\/div>\n\t\t\t\t<\/div>\n\t\t<div class=\"elementor-element elementor-element-f03e8bf e-flex e-con-boxed e-con e-parent\" data-id=\"f03e8bf\" data-element_type=\"container\" data-e-type=\"container\">\n\t\t\t\t\t<div class=\"e-con-inner\">\n\t\t\t\t<div class=\"elementor-element elementor-element-b83a3f0 elementor-widget elementor-widget-heading\" data-id=\"b83a3f0\" data-element_type=\"widget\" data-e-type=\"widget\" data-widget_type=\"heading.default\">\n\t\t\t\t<div class=\"elementor-widget-container\">\n\t\t\t\t\t<h2 class=\"elementor-heading-title elementor-size-default\">Savjetovanje roditelja<\/h2>\t\t\t\t<\/div>\n\t\t\t\t<\/div>\n\t\t\t\t\t<\/div>\n\t\t\t\t<\/div>\n\t\t\t\t<\/div>\n\t\t","protected":false},"excerpt":{"rendered":"<p>Savjetovanje roditelja<\/p>\n","protected":false},"author":1,"featured_media":0,"parent":0,"menu_order":0,"comment_status":"closed","ping_status":"closed","template":"","meta":{"_monsterinsights_skip_tracking":false,"_monsterinsights_sitenote_active":false,"_monsterinsights_sitenote_note":"","_monsterinsights_sitenote_category":0,"footnotes":""},"class_list":["post-147","page","type-page","status-publish","hentry"],"yoast_head":"<!-- This site is optimized with the Yoast SEO plugin v27.3 - https:\/\/yoast.com\/product\/yoast-seo-wordpress\/ -->\n<title>Psiholog Split<\/title>\n<meta name=\"description\" content=\"Psiholog Split - Mia Grbavac, stru\u010dna psiholo\u0161ka pomo\u0107 za djecu, mlade i roditelje. Nudimo usluge psiholo\u0161kog savjetovanja i dijagnostike.\" \/>\n<meta name=\"robots\" content=\"index, follow, max-snippet:-1, max-image-preview:large, max-video-preview:-1\" \/>\n<link rel=\"canonical\" href=\"https:\/\/psiholoskapraksagrbavac.hr\/?page_id=147\" \/>\n<meta property=\"og:locale\" content=\"hr_HR\" \/>\n<meta property=\"og:type\" content=\"article\" \/>\n<meta property=\"og:title\" content=\"Psiholog Split\" \/>\n<meta property=\"og:description\" content=\"Psiholog Split - Mia Grbavac, stru\u010dna psiholo\u0161ka pomo\u0107 za djecu, mlade i roditelje. Nudimo usluge psiholo\u0161kog savjetovanja i dijagnostike.\" \/>\n<meta property=\"og:url\" content=\"https:\/\/psiholoskapraksagrbavac.hr\/?page_id=147\" \/>\n<meta property=\"og:site_name\" content=\"Growing Minds privatna psiholo\u0161ka praksa Mia Grbavac\" \/>\n<meta property=\"article:publisher\" content=\"https:\/\/www.facebook.com\/profile.php?id=61570028410132\" \/>\n<meta property=\"article:modified_time\" content=\"2025-08-25T11:47:18+00:00\" \/>\n<meta property=\"og:image\" content=\"https:\/\/psiholoskapraksagrbavac.hr\/wp-content\/uploads\/2025\/02\/WhatsApp-Image-2025-02-01-at-22.54.58-6.jpeg\" \/>\n\t<meta property=\"og:image:width\" content=\"910\" \/>\n\t<meta property=\"og:image:height\" content=\"1600\" \/>\n\t<meta property=\"og:image:type\" content=\"image\/jpeg\" \/>\n<meta name=\"twitter:card\" content=\"summary_large_image\" \/>\n<meta name=\"twitter:label1\" content=\"Procijenjeno vrijeme \u010ditanja\" \/>\n\t<meta name=\"twitter:data1\" content=\"1 minuta\" \/>\n<script type=\"application\/ld+json\" class=\"yoast-schema-graph\">{\"@context\":\"https:\\\/\\\/schema.org\",\"@graph\":[{\"@type\":\"WebPage\",\"@id\":\"https:\\\/\\\/psiholoskapraksagrbavac.hr\\\/?page_id=147\",\"url\":\"https:\\\/\\\/psiholoskapraksagrbavac.hr\\\/?page_id=147\",\"name\":\"Psiholog Split\",\"isPartOf\":{\"@id\":\"https:\\\/\\\/psiholoskapraksagrbavac.hr\\\/#website\"},\"primaryImageOfPage\":{\"@id\":\"https:\\\/\\\/psiholoskapraksagrbavac.hr\\\/?page_id=147#primaryimage\"},\"image\":{\"@id\":\"https:\\\/\\\/psiholoskapraksagrbavac.hr\\\/?page_id=147#primaryimage\"},\"thumbnailUrl\":\"https:\\\/\\\/psiholoskapraksagrbavac.hr\\\/wp-content\\\/uploads\\\/2025\\\/02\\\/WhatsApp-Image-2025-02-01-at-22.54.58-6.jpeg\",\"datePublished\":\"2025-02-04T05:38:16+00:00\",\"dateModified\":\"2025-08-25T11:47:18+00:00\",\"description\":\"Psiholog Split - Mia Grbavac, stru\u010dna psiholo\u0161ka pomo\u0107 za djecu, mlade i roditelje. Nudimo usluge psiholo\u0161kog savjetovanja i dijagnostike.\",\"breadcrumb\":{\"@id\":\"https:\\\/\\\/psiholoskapraksagrbavac.hr\\\/?page_id=147#breadcrumb\"},\"inLanguage\":\"hr\",\"potentialAction\":[{\"@type\":\"ReadAction\",\"target\":[\"https:\\\/\\\/psiholoskapraksagrbavac.hr\\\/?page_id=147\"]}]},{\"@type\":\"ImageObject\",\"inLanguage\":\"hr\",\"@id\":\"https:\\\/\\\/psiholoskapraksagrbavac.hr\\\/?page_id=147#primaryimage\",\"url\":\"https:\\\/\\\/psiholoskapraksagrbavac.hr\\\/wp-content\\\/uploads\\\/2025\\\/02\\\/WhatsApp-Image-2025-02-01-at-22.54.58-6.jpeg\",\"contentUrl\":\"https:\\\/\\\/psiholoskapraksagrbavac.hr\\\/wp-content\\\/uploads\\\/2025\\\/02\\\/WhatsApp-Image-2025-02-01-at-22.54.58-6.jpeg\",\"width\":910,\"height\":1600,\"caption\":\"Psiholog Split\"},{\"@type\":\"BreadcrumbList\",\"@id\":\"https:\\\/\\\/psiholoskapraksagrbavac.hr\\\/?page_id=147#breadcrumb\",\"itemListElement\":[{\"@type\":\"ListItem\",\"position\":1,\"name\":\"Po\u010detna stranica\",\"item\":\"https:\\\/\\\/psiholoskapraksagrbavac.hr\\\/\"},{\"@type\":\"ListItem\",\"position\":2,\"name\":\"Savjetovanje roditelja\"}]},{\"@type\":\"WebSite\",\"@id\":\"https:\\\/\\\/psiholoskapraksagrbavac.hr\\\/#website\",\"url\":\"https:\\\/\\\/psiholoskapraksagrbavac.hr\\\/\",\"name\":\"Growing Minds privatna psiholo\u0161ka praksa Mia Grbavac\",\"description\":\"Psiholog Split\",\"publisher\":{\"@id\":\"https:\\\/\\\/psiholoskapraksagrbavac.hr\\\/#organization\"},\"potentialAction\":[{\"@type\":\"SearchAction\",\"target\":{\"@type\":\"EntryPoint\",\"urlTemplate\":\"https:\\\/\\\/psiholoskapraksagrbavac.hr\\\/?s={search_term_string}\"},\"query-input\":{\"@type\":\"PropertyValueSpecification\",\"valueRequired\":true,\"valueName\":\"search_term_string\"}}],\"inLanguage\":\"hr\"},{\"@type\":\"Organization\",\"@id\":\"https:\\\/\\\/psiholoskapraksagrbavac.hr\\\/#organization\",\"name\":\"Growing Minds privatna psiholo\u0161ka praksa Mia Grbavac\",\"url\":\"https:\\\/\\\/psiholoskapraksagrbavac.hr\\\/\",\"logo\":{\"@type\":\"ImageObject\",\"inLanguage\":\"hr\",\"@id\":\"https:\\\/\\\/psiholoskapraksagrbavac.hr\\\/#\\\/schema\\\/logo\\\/image\\\/\",\"url\":\"https:\\\/\\\/psiholoskapraksagrbavac.hr\\\/wp-content\\\/uploads\\\/2025\\\/02\\\/1738595914855.jpg\",\"contentUrl\":\"https:\\\/\\\/psiholoskapraksagrbavac.hr\\\/wp-content\\\/uploads\\\/2025\\\/02\\\/1738595914855.jpg\",\"width\":1429,\"height\":2000,\"caption\":\"Growing Minds privatna psiholo\u0161ka praksa Mia Grbavac\"},\"image\":{\"@id\":\"https:\\\/\\\/psiholoskapraksagrbavac.hr\\\/#\\\/schema\\\/logo\\\/image\\\/\"},\"sameAs\":[\"https:\\\/\\\/www.facebook.com\\\/profile.php?id=61570028410132\",\"https:\\\/\\\/www.instagram.com\\\/growingminds_split\\\/\"]}]}<\/script>\n<!-- \/ Yoast SEO plugin. -->","yoast_head_json":{"title":"Psiholog Split","description":"Psiholog Split - Mia Grbavac, stru\u010dna psiholo\u0161ka pomo\u0107 za djecu, mlade i roditelje. Nudimo usluge psiholo\u0161kog savjetovanja i dijagnostike.","robots":{"index":"index","follow":"follow","max-snippet":"max-snippet:-1","max-image-preview":"max-image-preview:large","max-video-preview":"max-video-preview:-1"},"canonical":"https:\/\/psiholoskapraksagrbavac.hr\/?page_id=147","og_locale":"hr_HR","og_type":"article","og_title":"Psiholog Split","og_description":"Psiholog Split - Mia Grbavac, stru\u010dna psiholo\u0161ka pomo\u0107 za djecu, mlade i roditelje. Nudimo usluge psiholo\u0161kog savjetovanja i dijagnostike.","og_url":"https:\/\/psiholoskapraksagrbavac.hr\/?page_id=147","og_site_name":"Growing Minds privatna psiholo\u0161ka praksa Mia Grbavac","article_publisher":"https:\/\/www.facebook.com\/profile.php?id=61570028410132","article_modified_time":"2025-08-25T11:47:18+00:00","og_image":[{"width":910,"height":1600,"url":"https:\/\/psiholoskapraksagrbavac.hr\/wp-content\/uploads\/2025\/02\/WhatsApp-Image-2025-02-01-at-22.54.58-6.jpeg","type":"image\/jpeg"}],"twitter_card":"summary_large_image","twitter_misc":{"Procijenjeno vrijeme \u010ditanja":"1 minuta"},"schema":{"@context":"https:\/\/schema.org","@graph":[{"@type":"WebPage","@id":"https:\/\/psiholoskapraksagrbavac.hr\/?page_id=147","url":"https:\/\/psiholoskapraksagrbavac.hr\/?page_id=147","name":"Psiholog Split","isPartOf":{"@id":"https:\/\/psiholoskapraksagrbavac.hr\/#website"},"primaryImageOfPage":{"@id":"https:\/\/psiholoskapraksagrbavac.hr\/?page_id=147#primaryimage"},"image":{"@id":"https:\/\/psiholoskapraksagrbavac.hr\/?page_id=147#primaryimage"},"thumbnailUrl":"https:\/\/psiholoskapraksagrbavac.hr\/wp-content\/uploads\/2025\/02\/WhatsApp-Image-2025-02-01-at-22.54.58-6.jpeg","datePublished":"2025-02-04T05:38:16+00:00","dateModified":"2025-08-25T11:47:18+00:00","description":"Psiholog Split - Mia Grbavac, stru\u010dna psiholo\u0161ka pomo\u0107 za djecu, mlade i roditelje. Nudimo usluge psiholo\u0161kog savjetovanja i dijagnostike.","breadcrumb":{"@id":"https:\/\/psiholoskapraksagrbavac.hr\/?page_id=147#breadcrumb"},"inLanguage":"hr","potentialAction":[{"@type":"ReadAction","target":["https:\/\/psiholoskapraksagrbavac.hr\/?page_id=147"]}]},{"@type":"ImageObject","inLanguage":"hr","@id":"https:\/\/psiholoskapraksagrbavac.hr\/?page_id=147#primaryimage","url":"https:\/\/psiholoskapraksagrbavac.hr\/wp-content\/uploads\/2025\/02\/WhatsApp-Image-2025-02-01-at-22.54.58-6.jpeg","contentUrl":"https:\/\/psiholoskapraksagrbavac.hr\/wp-content\/uploads\/2025\/02\/WhatsApp-Image-2025-02-01-at-22.54.58-6.jpeg","width":910,"height":1600,"caption":"Psiholog Split"},{"@type":"BreadcrumbList","@id":"https:\/\/psiholoskapraksagrbavac.hr\/?page_id=147#breadcrumb","itemListElement":[{"@type":"ListItem","position":1,"name":"Po\u010detna stranica","item":"https:\/\/psiholoskapraksagrbavac.hr\/"},{"@type":"ListItem","position":2,"name":"Savjetovanje roditelja"}]},{"@type":"WebSite","@id":"https:\/\/psiholoskapraksagrbavac.hr\/#website","url":"https:\/\/psiholoskapraksagrbavac.hr\/","name":"Growing Minds privatna psiholo\u0161ka praksa Mia Grbavac","description":"Psiholog Split","publisher":{"@id":"https:\/\/psiholoskapraksagrbavac.hr\/#organization"},"potentialAction":[{"@type":"SearchAction","target":{"@type":"EntryPoint","urlTemplate":"https:\/\/psiholoskapraksagrbavac.hr\/?s={search_term_string}"},"query-input":{"@type":"PropertyValueSpecification","valueRequired":true,"valueName":"search_term_string"}}],"inLanguage":"hr"},{"@type":"Organization","@id":"https:\/\/psiholoskapraksagrbavac.hr\/#organization","name":"Growing Minds privatna psiholo\u0161ka praksa Mia Grbavac","url":"https:\/\/psiholoskapraksagrbavac.hr\/","logo":{"@type":"ImageObject","inLanguage":"hr","@id":"https:\/\/psiholoskapraksagrbavac.hr\/#\/schema\/logo\/image\/","url":"https:\/\/psiholoskapraksagrbavac.hr\/wp-content\/uploads\/2025\/02\/1738595914855.jpg","contentUrl":"https:\/\/psiholoskapraksagrbavac.hr\/wp-content\/uploads\/2025\/02\/1738595914855.jpg","width":1429,"height":2000,"caption":"Growing Minds privatna psiholo\u0161ka praksa Mia Grbavac"},"image":{"@id":"https:\/\/psiholoskapraksagrbavac.hr\/#\/schema\/logo\/image\/"},"sameAs":["https:\/\/www.facebook.com\/profile.php?id=61570028410132","https:\/\/www.instagram.com\/growingminds_split\/"]}]}},"_links":{"self":[{"href":"https:\/\/psiholoskapraksagrbavac.hr\/index.php?rest_route=\/wp\/v2\/pages\/147","targetHints":{"allow":["GET"]}}],"collection":[{"href":"https:\/\/psiholoskapraksagrbavac.hr\/index.php?rest_route=\/wp\/v2\/pages"}],"about":[{"href":"https:\/\/psiholoskapraksagrbavac.hr\/index.php?rest_route=\/wp\/v2\/types\/page"}],"author":[{"embeddable":true,"href":"https:\/\/psiholoskapraksagrbavac.hr\/index.php?rest_route=\/wp\/v2\/users\/1"}],"replies":[{"embeddable":true,"href":"https:\/\/psiholoskapraksagrbavac.hr\/index.php?rest_route=%2Fwp%2Fv2%2Fcomments&post=147"}],"version-history":[{"count":8,"href":"https:\/\/psiholoskapraksagrbavac.hr\/index.php?rest_route=\/wp\/v2\/pages\/147\/revisions"}],"predecessor-version":[{"id":299,"href":"https:\/\/psiholoskapraksagrbavac.hr\/index.php?rest_route=\/wp\/v2\/pages\/147\/revisions\/299"}],"wp:attachment":[{"href":"https:\/\/psiholoskapraksagrbavac.hr\/index.php?rest_route=%2Fwp%2Fv2%2Fmedia&parent=147"}],"curies":[{"name":"wp","href":"https:\/\/api.w.org\/{rel}","templated":true}]}}