{"id":146,"date":"2025-02-03T21:41:59","date_gmt":"2025-02-03T21:41:59","guid":{"rendered":"https:\/\/psiholoskapraksagrbavac.hr\/?page_id=146"},"modified":"2025-08-25T11:46:09","modified_gmt":"2025-08-25T11:46:09","slug":"savjetovanje-djece-i-mladih","status":"publish","type":"page","link":"https:\/\/psiholoskapraksagrbavac.hr\/?page_id=146","title":{"rendered":"Savjetovanje djece i mladih"},"content":{"rendered":"\t\t<div data-elementor-type=\"wp-page\" data-elementor-id=\"146\" class=\"elementor elementor-146\">\n\t\t\t\t<div class=\"elementor-element elementor-element-215c09f3 e-flex e-con-boxed e-con e-parent\" data-id=\"215c09f3\" data-element_type=\"container\" data-e-type=\"container\">\n\t\t\t\t\t<div class=\"e-con-inner\">\n\t\t\t\t<div class=\"elementor-element elementor-element-3e6a617e elementor-widget elementor-widget-text-editor\" data-id=\"3e6a617e\" data-element_type=\"widget\" data-e-type=\"widget\" data-widget_type=\"text-editor.default\">\n\t\t\t\t<div class=\"elementor-widget-container\">\n\t\t\t\t\t\t\t\t\t\n<div class=\"wp-block-cover alignfull is-light has-contrast-color has-text-color has-link-color wp-elements-58a2e17ff9319d54ff7f8ad18b0f78ff\" style=\"margin-top:0;margin-bottom:0;padding-top:var(--wp--preset--spacing--60);padding-right:var(--wp--preset--spacing--50);padding-bottom:var(--wp--preset--spacing--60);padding-left:var(--wp--preset--spacing--50);min-height:1628px;aspect-ratio:unset;\"><span aria-hidden=\"true\" class=\"wp-block-cover__background has-base-background-color has-background-dim-100 has-background-dim\"><\/span><div class=\"wp-block-cover__inner-container has-global-padding is-layout-constrained wp-container-core-cover-is-layout-873ee6b1 wp-block-cover-is-layout-constrained\">\n<div class=\"wp-block-columns alignwide is-layout-flex wp-container-core-columns-is-layout-7ee84d44 wp-block-columns-is-layout-flex\">\n<div class=\"wp-block-column is-layout-flow wp-block-column-is-layout-flow\" style=\"flex-basis:65%\">\n<div class=\"wp-block-group is-vertical is-content-justification-stretch is-layout-flex wp-container-core-group-is-layout-353c4f5a wp-block-group-is-layout-flex\">\n<p>Dana\u0161nji svijet na\u0161e djece pun je izazova pa je time i roditeljstvo postalo sve izazovnije. Djeca ne izra\u017eavaju svoje probleme na isti na\u010din kao odrasli pa \u010desto neki problemi znaju ostati neizgovoreni i prekriveni drugim emocijama. Upravo zbog toga, va\u017eno je djelovati \u010dim se pojavi sumnja da potencijalni problem kod djeteta postoji. <br><br>Ve\u0107 10 godina radim s djecom i mladima. Temelj mog rada s djecom i mladima je stvaranje toplog i podr\u017eavaju\u0107eg odnosa te stvarnog osje\u0107aja da su saslu\u0161ani i prihva\u0107eni. Ipak, bez kontinuiranog uklju\u010divanja roditelja i suradnje s njima te\u0161ko je posti\u0107i glavni cilj &#8211; pru\u017eiti podr\u0161ku i pomo\u0107 u razumijevanju djeteta i mlade osobe u obiteljskom okru\u017eenju. Kroz psiholo\u0161ko savjetovanje, djeca i adolescenti usvajaju konkretne tehnike koje im poma\u017eu u suo\u010davanju s anksiozno\u0161\u0107u, tugom, depresivno\u0161\u0107u, stresom, ljutnjom i drugim neugodnim emocijama. Kroz prakti\u010dne vje\u017ebe i zadatke, u\u010de vje\u0161tine koje mogu primijeniti u svakodnevnom \u017eivotu.<br><br><strong>Naj\u010de\u0161\u0107i problemi zbog kojih se djeca i adolescenti obra\u0107aju za pomo\u0107 su: <\/strong><\/p>\n\n\n\n<ul class=\"wp-block-list\">\n<li>anksioznost i pani\u010dni napadaju<\/li>\n\n\n\n<li>depresija i sni\u017eeno raspolo\u017eenje<\/li>\n\n\n\n<li>izra\u017eeni strahovi<\/li>\n\n\n\n<li>trema od ispitivanja i javnih nastupa<\/li>\n\n\n\n<li>opsesivno-kompulzivne smetnje<\/li>\n\n\n\n<li>pote\u0161ko\u0107e s samopouzdanjem<\/li>\n\n\n\n<li>pretjerana briga i srame\u017eljivost<\/li>\n\n\n\n<li>pote\u0161ko\u0107e u \u0161koli<\/li>\n\n\n\n<li>pote\u0161ko\u0107e u koncentraciji ili u\u010denju<\/li>\n\n\n\n<li>pote\u0161ko\u0107e u odnosima s vr\u0161njacima<\/li>\n\n\n\n<li>problemi sa spavanjem i hranjenjem<\/li>\n\n\n\n<li>samoozlje\u0111ivanje<\/li>\n\n\n\n<li>pretjerano kori\u0161tenje interneta, mobitela, i sl.<\/li>\n\n\n\n<li>te\u0161ko suo\u010davanje s razvodom roditelja<\/li>\n\n\n\n<li>promjene u obiteljskoj dinamici (bolest i smrt \u010dlana obitelji)<\/li>\n\n\n\n<li>pomo\u0107 kod odabira srednje \u0161kole<\/li>\n\n\n\n<li>procjena spremnosti za \u0161kolu<\/li>\n\n\n\n<li>selektivni mutizam<\/li>\n<\/ul>\n\n\n\n<p>Dragi roditelji, obratite mi se s povjerenjem jer usvajanje vje\u0161tina u ranoj dobi kod djece stvara pravi temelj za razvoj psiholo\u0161ke otpornosti i razvoj zdrave li\u010dnosti, a to je neprocjenjivo za njihov daljnji rast i napredak.<br><br><strong>Napomena: Usluge se pru\u017eaju \u201eu\u017eivo\u201c i \u201eonline\u201c<\/strong><\/p>\n<\/div>\n<\/div>\n\n\n\n<div class=\"wp-block-column is-layout-flow wp-block-column-is-layout-flow\" style=\"flex-basis:35%\">\n<div class=\"wp-block-group is-vertical is-content-justification-stretch is-nowrap is-layout-flex wp-container-core-group-is-layout-73b0033c wp-block-group-is-layout-flex\">\n<figure class=\"wp-block-image size-full\"><img fetchpriority=\"high\" decoding=\"async\" width=\"1500\" height=\"2000\" src=\"https:\/\/psiholoskapraksagrbavac.hr\/wp-content\/uploads\/2025\/02\/WhatsApp-Image-2025-02-01-at-17.37.25-1.jpeg\" alt=\"\" class=\"wp-image-116\" style=\"aspect-ratio:3\/4;object-fit:cover\" srcset=\"https:\/\/psiholoskapraksagrbavac.hr\/wp-content\/uploads\/2025\/02\/WhatsApp-Image-2025-02-01-at-17.37.25-1.jpeg 1500w, https:\/\/psiholoskapraksagrbavac.hr\/wp-content\/uploads\/2025\/02\/WhatsApp-Image-2025-02-01-at-17.37.25-1-225x300.jpeg 225w, https:\/\/psiholoskapraksagrbavac.hr\/wp-content\/uploads\/2025\/02\/WhatsApp-Image-2025-02-01-at-17.37.25-1-768x1024.jpeg 768w, https:\/\/psiholoskapraksagrbavac.hr\/wp-content\/uploads\/2025\/02\/WhatsApp-Image-2025-02-01-at-17.37.25-1-1152x1536.jpeg 1152w\" sizes=\"(max-width: 1500px) 100vw, 1500px\" \/><\/figure>\n<\/div>\n<\/div>\n<\/div>\n\n\n\n<p><a href=\"https:\/\/psiholoskapraksagrbavac.hr\/?page_id=181\" data-type=\"page\" data-id=\"181\">Dje\u010dji psiholog Split<\/a><\/p>\n<\/div><\/div>\n\n\n<nav class=\"is-responsive items-justified-right wp-block-navigation is-content-justification-right is-layout-flex wp-container-core-navigation-is-layout-d445cf74 wp-block-navigation-is-layout-flex\" aria-label=\"Navigacija 2\" \n\t\t data-wp-interactive=\"core\/navigation\" data-wp-context='{\"overlayOpenedBy\":{\"click\":false,\"hover\":false,\"focus\":false},\"type\":\"overlay\",\"roleAttribute\":\"\",\"ariaLabel\":\"Izbornik\"}'><button aria-haspopup=\"dialog\" aria-label=\"Otvori izbornik\" class=\"wp-block-navigation__responsive-container-open\" \n\t\t\t\tdata-wp-on--click=\"actions.openMenuOnClick\"\n\t\t\t\tdata-wp-on--keydown=\"actions.handleMenuKeydown\"\n\t\t\t><svg width=\"24\" height=\"24\" xmlns=\"http:\/\/www.w3.org\/2000\/svg\" viewBox=\"0 0 24 24\" aria-hidden=\"true\" focusable=\"false\"><path d=\"M4 7.5h16v1.5H4z\"><\/path><path d=\"M4 15h16v1.5H4z\"><\/path><\/svg><\/button>\n\t\t\t\t<div class=\"wp-block-navigation__responsive-container\"  id=\"modal-2\" \n\t\t\t\tdata-wp-class--has-modal-open=\"state.isMenuOpen\"\n\t\t\t\tdata-wp-class--is-menu-open=\"state.isMenuOpen\"\n\t\t\t\tdata-wp-watch=\"callbacks.initMenu\"\n\t\t\t\tdata-wp-on--keydown=\"actions.handleMenuKeydown\"\n\t\t\t\tdata-wp-on--focusout=\"actions.handleMenuFocusout\"\n\t\t\t\ttabindex=\"-1\"\n\t\t\t>\n\t\t\t\t\t<div class=\"wp-block-navigation__responsive-close\" tabindex=\"-1\">\n\t\t\t\t\t\t<div class=\"wp-block-navigation__responsive-dialog\" \n\t\t\t\tdata-wp-bind--aria-modal=\"state.ariaModal\"\n\t\t\t\tdata-wp-bind--aria-label=\"state.ariaLabel\"\n\t\t\t\tdata-wp-bind--role=\"state.roleAttribute\"\n\t\t\t>\n\t\t\t\t\t\t\t<button aria-label=\"Zatvori izbornik\" class=\"wp-block-navigation__responsive-container-close\" \n\t\t\t\tdata-wp-on--click=\"actions.closeMenuOnClick\"\n\t\t\t><svg xmlns=\"http:\/\/www.w3.org\/2000\/svg\" viewBox=\"0 0 24 24\" width=\"24\" height=\"24\" aria-hidden=\"true\" focusable=\"false\"><path d=\"m13.06 12 6.47-6.47-1.06-1.06L12 10.94 5.53 4.47 4.47 5.53 10.94 12l-6.47 6.47 1.06 1.06L12 13.06l6.47 6.47 1.06-1.06L13.06 12Z\"><\/path><\/svg><\/button>\n\t\t\t\t\t\t\t<div class=\"wp-block-navigation__responsive-container-content\" \n\t\t\t\tdata-wp-watch=\"callbacks.focusFirstElement\"\n\t\t\t id=\"modal-2-content\">\n\t\t\t\t\t\t\t\t<ul class=\"wp-block-navigation__container is-responsive items-justified-right wp-block-navigation\"><li class=\" wp-block-navigation-item wp-block-navigation-link\"><a class=\"wp-block-navigation-item__content\"  href=\"https:\/\/psiholoskapraksagrbavac.hr\/?page_id=83\"><span class=\"wp-block-navigation-item__label\">O meni\u2026<\/span><\/a><\/li><li class=\" wp-block-navigation-item wp-block-navigation-link\"><a class=\"wp-block-navigation-item__content\"  href=\"https:\/\/psiholoskapraksagrbavac.hr\/?page_id=84\"><span class=\"wp-block-navigation-item__label\">Usluge<\/span><\/a><\/li><li class=\" wp-block-navigation-item wp-block-navigation-link\"><a class=\"wp-block-navigation-item__content\"  href=\"https:\/\/psiholoskapraksagrbavac.hr\/?page_id=86\"><span class=\"wp-block-navigation-item__label\">Cjenik<\/span><\/a><\/li><li class=\" wp-block-navigation-item wp-block-navigation-link\"><a class=\"wp-block-navigation-item__content\"  href=\"https:\/\/psiholoskapraksagrbavac.hr\/?page_id=109\"><span class=\"wp-block-navigation-item__label\">Galerija<\/span><\/a><\/li><li class=\" wp-block-navigation-item wp-block-navigation-link\"><a class=\"wp-block-navigation-item__content\"  href=\"https:\/\/psiholoskapraksagrbavac.hr\/?page_id=88\"><span class=\"wp-block-navigation-item__label\">Kontakt<\/span><\/a><\/li><li class=\" wp-block-navigation-item wp-block-navigation-link\"><a class=\"wp-block-navigation-item__content\"  href=\"https:\/\/psiholoskapraksagrbavac.hr\/\"><span class=\"wp-block-navigation-item__label\">Po\u010detna<\/span><\/a><\/li><\/ul>\n\t\t\t\t\t\t\t<\/div>\n\t\t\t\t\t\t<\/div>\n\t\t\t\t\t<\/div>\n\t\t\t\t<\/div><\/nav>\t\t\t\t\t\t\t\t<\/div>\n\t\t\t\t<\/div>\n\t\t\t\t\t<\/div>\n\t\t\t\t<\/div>\n\t\t<div class=\"elementor-element elementor-element-a37ce28 e-flex e-con-boxed e-con e-parent\" data-id=\"a37ce28\" data-element_type=\"container\" data-e-type=\"container\">\n\t\t\t\t\t<div class=\"e-con-inner\">\n\t\t\t\t<div class=\"elementor-element elementor-element-964ff74 elementor-widget elementor-widget-heading\" data-id=\"964ff74\" data-element_type=\"widget\" data-e-type=\"widget\" data-widget_type=\"heading.default\">\n\t\t\t\t<div class=\"elementor-widget-container\">\n\t\t\t\t\t<h2 class=\"elementor-heading-title elementor-size-default\">Psiholog za mlade - Split<\/h2>\t\t\t\t<\/div>\n\t\t\t\t<\/div>\n\t\t\t\t\t<\/div>\n\t\t\t\t<\/div>\n\t\t\t\t<\/div>\n\t\t","protected":false},"excerpt":{"rendered":"<p>Psiholog za mlade &#8211; Split<\/p>\n","protected":false},"author":1,"featured_media":0,"parent":0,"menu_order":0,"comment_status":"closed","ping_status":"closed","template":"","meta":{"_monsterinsights_skip_tracking":false,"_monsterinsights_sitenote_active":false,"_monsterinsights_sitenote_note":"","_monsterinsights_sitenote_category":0,"footnotes":""},"class_list":["post-146","page","type-page","status-publish","hentry"],"yoast_head":"<!-- This site is optimized with the Yoast SEO plugin v27.3 - https:\/\/yoast.com\/product\/yoast-seo-wordpress\/ -->\n<title>Growing Minds - Psiholog Split<\/title>\n<meta name=\"description\" content=\"Psiholog Split - Mia Grbavac, stru\u010dna psiholo\u0161ka pomo\u0107 za djecu, mlade i roditelje. Nudimo usluge psiholo\u0161kog savjetovanja i dijagnostike.\" \/>\n<meta name=\"robots\" content=\"index, follow, max-snippet:-1, max-image-preview:large, max-video-preview:-1\" \/>\n<link rel=\"canonical\" href=\"https:\/\/psiholoskapraksagrbavac.hr\/?page_id=146\" \/>\n<meta property=\"og:locale\" content=\"hr_HR\" \/>\n<meta property=\"og:type\" content=\"article\" \/>\n<meta property=\"og:title\" content=\"Growing Minds - Psiholog Split\" \/>\n<meta property=\"og:description\" content=\"Psiholog Split - Mia Grbavac, stru\u010dna psiholo\u0161ka pomo\u0107 za djecu, mlade i roditelje. Nudimo usluge psiholo\u0161kog savjetovanja i dijagnostike.\" \/>\n<meta property=\"og:url\" content=\"https:\/\/psiholoskapraksagrbavac.hr\/?page_id=146\" \/>\n<meta property=\"og:site_name\" content=\"Growing Minds privatna psiholo\u0161ka praksa Mia Grbavac\" \/>\n<meta property=\"article:publisher\" content=\"https:\/\/www.facebook.com\/profile.php?id=61570028410132\" \/>\n<meta property=\"article:modified_time\" content=\"2025-08-25T11:46:09+00:00\" \/>\n<meta property=\"og:image\" content=\"https:\/\/psiholoskapraksagrbavac.hr\/wp-content\/uploads\/2025\/02\/WhatsApp-Image-2025-02-01-at-17.37.25-1.jpeg\" \/>\n\t<meta property=\"og:image:width\" content=\"1500\" \/>\n\t<meta property=\"og:image:height\" content=\"2000\" \/>\n\t<meta property=\"og:image:type\" content=\"image\/jpeg\" \/>\n<meta name=\"twitter:card\" content=\"summary_large_image\" \/>\n<meta name=\"twitter:label1\" content=\"Procijenjeno vrijeme \u010ditanja\" \/>\n\t<meta name=\"twitter:data1\" content=\"2 minute\" \/>\n<script type=\"application\/ld+json\" class=\"yoast-schema-graph\">{\"@context\":\"https:\\\/\\\/schema.org\",\"@graph\":[{\"@type\":\"WebPage\",\"@id\":\"https:\\\/\\\/psiholoskapraksagrbavac.hr\\\/?page_id=146\",\"url\":\"https:\\\/\\\/psiholoskapraksagrbavac.hr\\\/?page_id=146\",\"name\":\"Growing Minds - Psiholog Split\",\"isPartOf\":{\"@id\":\"https:\\\/\\\/psiholoskapraksagrbavac.hr\\\/#website\"},\"primaryImageOfPage\":{\"@id\":\"https:\\\/\\\/psiholoskapraksagrbavac.hr\\\/?page_id=146#primaryimage\"},\"image\":{\"@id\":\"https:\\\/\\\/psiholoskapraksagrbavac.hr\\\/?page_id=146#primaryimage\"},\"thumbnailUrl\":\"https:\\\/\\\/psiholoskapraksagrbavac.hr\\\/wp-content\\\/uploads\\\/2025\\\/02\\\/WhatsApp-Image-2025-02-01-at-17.37.25-1.jpeg\",\"datePublished\":\"2025-02-03T21:41:59+00:00\",\"dateModified\":\"2025-08-25T11:46:09+00:00\",\"description\":\"Psiholog Split - Mia Grbavac, stru\u010dna psiholo\u0161ka pomo\u0107 za djecu, mlade i roditelje. Nudimo usluge psiholo\u0161kog savjetovanja i dijagnostike.\",\"breadcrumb\":{\"@id\":\"https:\\\/\\\/psiholoskapraksagrbavac.hr\\\/?page_id=146#breadcrumb\"},\"inLanguage\":\"hr\",\"potentialAction\":[{\"@type\":\"ReadAction\",\"target\":[\"https:\\\/\\\/psiholoskapraksagrbavac.hr\\\/?page_id=146\"]}]},{\"@type\":\"ImageObject\",\"inLanguage\":\"hr\",\"@id\":\"https:\\\/\\\/psiholoskapraksagrbavac.hr\\\/?page_id=146#primaryimage\",\"url\":\"https:\\\/\\\/psiholoskapraksagrbavac.hr\\\/wp-content\\\/uploads\\\/2025\\\/02\\\/WhatsApp-Image-2025-02-01-at-17.37.25-1.jpeg\",\"contentUrl\":\"https:\\\/\\\/psiholoskapraksagrbavac.hr\\\/wp-content\\\/uploads\\\/2025\\\/02\\\/WhatsApp-Image-2025-02-01-at-17.37.25-1.jpeg\",\"width\":1500,\"height\":2000},{\"@type\":\"BreadcrumbList\",\"@id\":\"https:\\\/\\\/psiholoskapraksagrbavac.hr\\\/?page_id=146#breadcrumb\",\"itemListElement\":[{\"@type\":\"ListItem\",\"position\":1,\"name\":\"Po\u010detna stranica\",\"item\":\"https:\\\/\\\/psiholoskapraksagrbavac.hr\\\/\"},{\"@type\":\"ListItem\",\"position\":2,\"name\":\"Savjetovanje djece i mladih\"}]},{\"@type\":\"WebSite\",\"@id\":\"https:\\\/\\\/psiholoskapraksagrbavac.hr\\\/#website\",\"url\":\"https:\\\/\\\/psiholoskapraksagrbavac.hr\\\/\",\"name\":\"Growing Minds privatna psiholo\u0161ka praksa Mia Grbavac\",\"description\":\"Psiholog Split\",\"publisher\":{\"@id\":\"https:\\\/\\\/psiholoskapraksagrbavac.hr\\\/#organization\"},\"potentialAction\":[{\"@type\":\"SearchAction\",\"target\":{\"@type\":\"EntryPoint\",\"urlTemplate\":\"https:\\\/\\\/psiholoskapraksagrbavac.hr\\\/?s={search_term_string}\"},\"query-input\":{\"@type\":\"PropertyValueSpecification\",\"valueRequired\":true,\"valueName\":\"search_term_string\"}}],\"inLanguage\":\"hr\"},{\"@type\":\"Organization\",\"@id\":\"https:\\\/\\\/psiholoskapraksagrbavac.hr\\\/#organization\",\"name\":\"Growing Minds privatna psiholo\u0161ka praksa Mia Grbavac\",\"url\":\"https:\\\/\\\/psiholoskapraksagrbavac.hr\\\/\",\"logo\":{\"@type\":\"ImageObject\",\"inLanguage\":\"hr\",\"@id\":\"https:\\\/\\\/psiholoskapraksagrbavac.hr\\\/#\\\/schema\\\/logo\\\/image\\\/\",\"url\":\"https:\\\/\\\/psiholoskapraksagrbavac.hr\\\/wp-content\\\/uploads\\\/2025\\\/02\\\/1738595914855.jpg\",\"contentUrl\":\"https:\\\/\\\/psiholoskapraksagrbavac.hr\\\/wp-content\\\/uploads\\\/2025\\\/02\\\/1738595914855.jpg\",\"width\":1429,\"height\":2000,\"caption\":\"Growing Minds privatna psiholo\u0161ka praksa Mia Grbavac\"},\"image\":{\"@id\":\"https:\\\/\\\/psiholoskapraksagrbavac.hr\\\/#\\\/schema\\\/logo\\\/image\\\/\"},\"sameAs\":[\"https:\\\/\\\/www.facebook.com\\\/profile.php?id=61570028410132\",\"https:\\\/\\\/www.instagram.com\\\/growingminds_split\\\/\"]}]}<\/script>\n<!-- \/ Yoast SEO plugin. -->","yoast_head_json":{"title":"Growing Minds - Psiholog Split","description":"Psiholog Split - Mia Grbavac, stru\u010dna psiholo\u0161ka pomo\u0107 za djecu, mlade i roditelje. Nudimo usluge psiholo\u0161kog savjetovanja i dijagnostike.","robots":{"index":"index","follow":"follow","max-snippet":"max-snippet:-1","max-image-preview":"max-image-preview:large","max-video-preview":"max-video-preview:-1"},"canonical":"https:\/\/psiholoskapraksagrbavac.hr\/?page_id=146","og_locale":"hr_HR","og_type":"article","og_title":"Growing Minds - Psiholog Split","og_description":"Psiholog Split - Mia Grbavac, stru\u010dna psiholo\u0161ka pomo\u0107 za djecu, mlade i roditelje. Nudimo usluge psiholo\u0161kog savjetovanja i dijagnostike.","og_url":"https:\/\/psiholoskapraksagrbavac.hr\/?page_id=146","og_site_name":"Growing Minds privatna psiholo\u0161ka praksa Mia Grbavac","article_publisher":"https:\/\/www.facebook.com\/profile.php?id=61570028410132","article_modified_time":"2025-08-25T11:46:09+00:00","og_image":[{"width":1500,"height":2000,"url":"https:\/\/psiholoskapraksagrbavac.hr\/wp-content\/uploads\/2025\/02\/WhatsApp-Image-2025-02-01-at-17.37.25-1.jpeg","type":"image\/jpeg"}],"twitter_card":"summary_large_image","twitter_misc":{"Procijenjeno vrijeme \u010ditanja":"2 minute"},"schema":{"@context":"https:\/\/schema.org","@graph":[{"@type":"WebPage","@id":"https:\/\/psiholoskapraksagrbavac.hr\/?page_id=146","url":"https:\/\/psiholoskapraksagrbavac.hr\/?page_id=146","name":"Growing Minds - Psiholog Split","isPartOf":{"@id":"https:\/\/psiholoskapraksagrbavac.hr\/#website"},"primaryImageOfPage":{"@id":"https:\/\/psiholoskapraksagrbavac.hr\/?page_id=146#primaryimage"},"image":{"@id":"https:\/\/psiholoskapraksagrbavac.hr\/?page_id=146#primaryimage"},"thumbnailUrl":"https:\/\/psiholoskapraksagrbavac.hr\/wp-content\/uploads\/2025\/02\/WhatsApp-Image-2025-02-01-at-17.37.25-1.jpeg","datePublished":"2025-02-03T21:41:59+00:00","dateModified":"2025-08-25T11:46:09+00:00","description":"Psiholog Split - Mia Grbavac, stru\u010dna psiholo\u0161ka pomo\u0107 za djecu, mlade i roditelje. Nudimo usluge psiholo\u0161kog savjetovanja i dijagnostike.","breadcrumb":{"@id":"https:\/\/psiholoskapraksagrbavac.hr\/?page_id=146#breadcrumb"},"inLanguage":"hr","potentialAction":[{"@type":"ReadAction","target":["https:\/\/psiholoskapraksagrbavac.hr\/?page_id=146"]}]},{"@type":"ImageObject","inLanguage":"hr","@id":"https:\/\/psiholoskapraksagrbavac.hr\/?page_id=146#primaryimage","url":"https:\/\/psiholoskapraksagrbavac.hr\/wp-content\/uploads\/2025\/02\/WhatsApp-Image-2025-02-01-at-17.37.25-1.jpeg","contentUrl":"https:\/\/psiholoskapraksagrbavac.hr\/wp-content\/uploads\/2025\/02\/WhatsApp-Image-2025-02-01-at-17.37.25-1.jpeg","width":1500,"height":2000},{"@type":"BreadcrumbList","@id":"https:\/\/psiholoskapraksagrbavac.hr\/?page_id=146#breadcrumb","itemListElement":[{"@type":"ListItem","position":1,"name":"Po\u010detna stranica","item":"https:\/\/psiholoskapraksagrbavac.hr\/"},{"@type":"ListItem","position":2,"name":"Savjetovanje djece i mladih"}]},{"@type":"WebSite","@id":"https:\/\/psiholoskapraksagrbavac.hr\/#website","url":"https:\/\/psiholoskapraksagrbavac.hr\/","name":"Growing Minds privatna psiholo\u0161ka praksa Mia Grbavac","description":"Psiholog Split","publisher":{"@id":"https:\/\/psiholoskapraksagrbavac.hr\/#organization"},"potentialAction":[{"@type":"SearchAction","target":{"@type":"EntryPoint","urlTemplate":"https:\/\/psiholoskapraksagrbavac.hr\/?s={search_term_string}"},"query-input":{"@type":"PropertyValueSpecification","valueRequired":true,"valueName":"search_term_string"}}],"inLanguage":"hr"},{"@type":"Organization","@id":"https:\/\/psiholoskapraksagrbavac.hr\/#organization","name":"Growing Minds privatna psiholo\u0161ka praksa Mia Grbavac","url":"https:\/\/psiholoskapraksagrbavac.hr\/","logo":{"@type":"ImageObject","inLanguage":"hr","@id":"https:\/\/psiholoskapraksagrbavac.hr\/#\/schema\/logo\/image\/","url":"https:\/\/psiholoskapraksagrbavac.hr\/wp-content\/uploads\/2025\/02\/1738595914855.jpg","contentUrl":"https:\/\/psiholoskapraksagrbavac.hr\/wp-content\/uploads\/2025\/02\/1738595914855.jpg","width":1429,"height":2000,"caption":"Growing Minds privatna psiholo\u0161ka praksa Mia Grbavac"},"image":{"@id":"https:\/\/psiholoskapraksagrbavac.hr\/#\/schema\/logo\/image\/"},"sameAs":["https:\/\/www.facebook.com\/profile.php?id=61570028410132","https:\/\/www.instagram.com\/growingminds_split\/"]}]}},"_links":{"self":[{"href":"https:\/\/psiholoskapraksagrbavac.hr\/index.php?rest_route=\/wp\/v2\/pages\/146","targetHints":{"allow":["GET"]}}],"collection":[{"href":"https:\/\/psiholoskapraksagrbavac.hr\/index.php?rest_route=\/wp\/v2\/pages"}],"about":[{"href":"https:\/\/psiholoskapraksagrbavac.hr\/index.php?rest_route=\/wp\/v2\/types\/page"}],"author":[{"embeddable":true,"href":"https:\/\/psiholoskapraksagrbavac.hr\/index.php?rest_route=\/wp\/v2\/users\/1"}],"replies":[{"embeddable":true,"href":"https:\/\/psiholoskapraksagrbavac.hr\/index.php?rest_route=%2Fwp%2Fv2%2Fcomments&post=146"}],"version-history":[{"count":9,"href":"https:\/\/psiholoskapraksagrbavac.hr\/index.php?rest_route=\/wp\/v2\/pages\/146\/revisions"}],"predecessor-version":[{"id":296,"href":"https:\/\/psiholoskapraksagrbavac.hr\/index.php?rest_route=\/wp\/v2\/pages\/146\/revisions\/296"}],"wp:attachment":[{"href":"https:\/\/psiholoskapraksagrbavac.hr\/index.php?rest_route=%2Fwp%2Fv2%2Fmedia&parent=146"}],"curies":[{"name":"wp","href":"https:\/\/api.w.org\/{rel}","templated":true}]}}