{"id":109,"date":"2025-02-03T16:24:41","date_gmt":"2025-02-03T16:24:41","guid":{"rendered":"https:\/\/psiholoskapraksagrbavac.hr\/?page_id=109"},"modified":"2025-08-25T11:45:11","modified_gmt":"2025-08-25T11:45:11","slug":"galerija-psiholog-split","status":"publish","type":"page","link":"https:\/\/psiholoskapraksagrbavac.hr\/?page_id=109","title":{"rendered":"Growing Minds | Psiholog Split Galerija"},"content":{"rendered":"\t\t<div data-elementor-type=\"wp-page\" data-elementor-id=\"109\" class=\"elementor elementor-109\">\n\t\t\t\t<div class=\"elementor-element elementor-element-3eb93b28 e-flex e-con-boxed e-con e-parent\" data-id=\"3eb93b28\" data-element_type=\"container\" data-e-type=\"container\">\n\t\t\t\t\t<div class=\"e-con-inner\">\n\t\t\t\t<div class=\"elementor-element elementor-element-2914607a elementor-widget elementor-widget-text-editor\" data-id=\"2914607a\" data-element_type=\"widget\" data-e-type=\"widget\" data-widget_type=\"text-editor.default\">\n\t\t\t\t<div class=\"elementor-widget-container\">\n\t\t\t\t\t\t\t\t\t\n<figure class=\"wp-block-gallery has-nested-images columns-default is-cropped wp-block-gallery-3 is-layout-flex wp-block-gallery-is-layout-flex\">\n<figure class=\"wp-block-image size-large\"><img fetchpriority=\"high\" decoding=\"async\" width=\"768\" height=\"1024\" data-id=\"110\" class=\"wp-image-110\" src=\"https:\/\/psiholoskapraksagrbavac.hr\/wp-content\/uploads\/2025\/02\/WhatsApp-Image-2025-02-01-at-17.36.57-768x1024.jpeg\" alt=\"\" srcset=\"https:\/\/psiholoskapraksagrbavac.hr\/wp-content\/uploads\/2025\/02\/WhatsApp-Image-2025-02-01-at-17.36.57-768x1024.jpeg 768w, https:\/\/psiholoskapraksagrbavac.hr\/wp-content\/uploads\/2025\/02\/WhatsApp-Image-2025-02-01-at-17.36.57-225x300.jpeg 225w, https:\/\/psiholoskapraksagrbavac.hr\/wp-content\/uploads\/2025\/02\/WhatsApp-Image-2025-02-01-at-17.36.57-1152x1536.jpeg 1152w, https:\/\/psiholoskapraksagrbavac.hr\/wp-content\/uploads\/2025\/02\/WhatsApp-Image-2025-02-01-at-17.36.57.jpeg 1200w\" sizes=\"(max-width: 768px) 100vw, 768px\" \/><\/figure>\n\n<figure class=\"wp-block-image size-large\"><img decoding=\"async\" width=\"768\" height=\"1024\" data-id=\"116\" class=\"wp-image-116\" src=\"https:\/\/psiholoskapraksagrbavac.hr\/wp-content\/uploads\/2025\/02\/WhatsApp-Image-2025-02-01-at-17.37.25-1-768x1024.jpeg\" alt=\"\" srcset=\"https:\/\/psiholoskapraksagrbavac.hr\/wp-content\/uploads\/2025\/02\/WhatsApp-Image-2025-02-01-at-17.37.25-1-768x1024.jpeg 768w, https:\/\/psiholoskapraksagrbavac.hr\/wp-content\/uploads\/2025\/02\/WhatsApp-Image-2025-02-01-at-17.37.25-1-225x300.jpeg 225w, https:\/\/psiholoskapraksagrbavac.hr\/wp-content\/uploads\/2025\/02\/WhatsApp-Image-2025-02-01-at-17.37.25-1-1152x1536.jpeg 1152w, https:\/\/psiholoskapraksagrbavac.hr\/wp-content\/uploads\/2025\/02\/WhatsApp-Image-2025-02-01-at-17.37.25-1.jpeg 1500w\" sizes=\"(max-width: 768px) 100vw, 768px\" \/><\/figure>\n\n<figure class=\"wp-block-image size-large\"><img decoding=\"async\" width=\"768\" height=\"1024\" data-id=\"114\" class=\"wp-image-114\" src=\"https:\/\/psiholoskapraksagrbavac.hr\/wp-content\/uploads\/2025\/02\/WhatsApp-Image-2025-02-01-at-22.54.58-1-2-768x1024.jpeg\" alt=\"\" srcset=\"https:\/\/psiholoskapraksagrbavac.hr\/wp-content\/uploads\/2025\/02\/WhatsApp-Image-2025-02-01-at-22.54.58-1-2-768x1024.jpeg 768w, https:\/\/psiholoskapraksagrbavac.hr\/wp-content\/uploads\/2025\/02\/WhatsApp-Image-2025-02-01-at-22.54.58-1-2-225x300.jpeg 225w, https:\/\/psiholoskapraksagrbavac.hr\/wp-content\/uploads\/2025\/02\/WhatsApp-Image-2025-02-01-at-22.54.58-1-2-1152x1536.jpeg 1152w, https:\/\/psiholoskapraksagrbavac.hr\/wp-content\/uploads\/2025\/02\/WhatsApp-Image-2025-02-01-at-22.54.58-1-2.jpeg 1200w\" sizes=\"(max-width: 768px) 100vw, 768px\" \/><\/figure>\n\n<figure class=\"wp-block-image size-large\"><img loading=\"lazy\" decoding=\"async\" width=\"591\" height=\"1024\" data-id=\"112\" class=\"wp-image-112\" src=\"https:\/\/psiholoskapraksagrbavac.hr\/wp-content\/uploads\/2025\/02\/WhatsApp-Image-2025-02-01-at-22.54.57-1-1-591x1024.jpeg\" alt=\"\" srcset=\"https:\/\/psiholoskapraksagrbavac.hr\/wp-content\/uploads\/2025\/02\/WhatsApp-Image-2025-02-01-at-22.54.57-1-1-591x1024.jpeg 591w, https:\/\/psiholoskapraksagrbavac.hr\/wp-content\/uploads\/2025\/02\/WhatsApp-Image-2025-02-01-at-22.54.57-1-1-173x300.jpeg 173w, https:\/\/psiholoskapraksagrbavac.hr\/wp-content\/uploads\/2025\/02\/WhatsApp-Image-2025-02-01-at-22.54.57-1-1-768x1331.jpeg 768w, https:\/\/psiholoskapraksagrbavac.hr\/wp-content\/uploads\/2025\/02\/WhatsApp-Image-2025-02-01-at-22.54.57-1-1-886x1536.jpeg 886w, https:\/\/psiholoskapraksagrbavac.hr\/wp-content\/uploads\/2025\/02\/WhatsApp-Image-2025-02-01-at-22.54.57-1-1.jpeg 923w\" sizes=\"(max-width: 591px) 100vw, 591px\" \/><\/figure>\n\n<figure class=\"wp-block-image size-large\"><img loading=\"lazy\" decoding=\"async\" width=\"768\" height=\"1024\" data-id=\"115\" class=\"wp-image-115\" src=\"https:\/\/psiholoskapraksagrbavac.hr\/wp-content\/uploads\/2025\/02\/WhatsApp-Image-2025-02-01-at-22.54.57-2-768x1024.jpeg\" alt=\"\" srcset=\"https:\/\/psiholoskapraksagrbavac.hr\/wp-content\/uploads\/2025\/02\/WhatsApp-Image-2025-02-01-at-22.54.57-2-768x1024.jpeg 768w, https:\/\/psiholoskapraksagrbavac.hr\/wp-content\/uploads\/2025\/02\/WhatsApp-Image-2025-02-01-at-22.54.57-2-225x300.jpeg 225w, https:\/\/psiholoskapraksagrbavac.hr\/wp-content\/uploads\/2025\/02\/WhatsApp-Image-2025-02-01-at-22.54.57-2-1152x1536.jpeg 1152w, https:\/\/psiholoskapraksagrbavac.hr\/wp-content\/uploads\/2025\/02\/WhatsApp-Image-2025-02-01-at-22.54.57-2.jpeg 1200w\" sizes=\"(max-width: 768px) 100vw, 768px\" \/><\/figure>\n\n<figure class=\"wp-block-image size-large\"><img loading=\"lazy\" decoding=\"async\" width=\"582\" height=\"1024\" data-id=\"113\" class=\"wp-image-113\" src=\"https:\/\/psiholoskapraksagrbavac.hr\/wp-content\/uploads\/2025\/02\/WhatsApp-Image-2025-02-01-at-22.54.58-5-582x1024.jpeg\" alt=\"\" srcset=\"https:\/\/psiholoskapraksagrbavac.hr\/wp-content\/uploads\/2025\/02\/WhatsApp-Image-2025-02-01-at-22.54.58-5-582x1024.jpeg 582w, https:\/\/psiholoskapraksagrbavac.hr\/wp-content\/uploads\/2025\/02\/WhatsApp-Image-2025-02-01-at-22.54.58-5-171x300.jpeg 171w, https:\/\/psiholoskapraksagrbavac.hr\/wp-content\/uploads\/2025\/02\/WhatsApp-Image-2025-02-01-at-22.54.58-5-768x1350.jpeg 768w, https:\/\/psiholoskapraksagrbavac.hr\/wp-content\/uploads\/2025\/02\/WhatsApp-Image-2025-02-01-at-22.54.58-5-874x1536.jpeg 874w, https:\/\/psiholoskapraksagrbavac.hr\/wp-content\/uploads\/2025\/02\/WhatsApp-Image-2025-02-01-at-22.54.58-5.jpeg 910w\" sizes=\"(max-width: 582px) 100vw, 582px\" \/><\/figure>\n\n<figure class=\"wp-block-image size-large\"><img loading=\"lazy\" decoding=\"async\" width=\"768\" height=\"1024\" data-id=\"111\" class=\"wp-image-111\" src=\"https:\/\/psiholoskapraksagrbavac.hr\/wp-content\/uploads\/2025\/02\/3389108d-9261-42f0-8207-9345b56793b9-7-768x1024.jpg\" alt=\"\" srcset=\"https:\/\/psiholoskapraksagrbavac.hr\/wp-content\/uploads\/2025\/02\/3389108d-9261-42f0-8207-9345b56793b9-7-768x1024.jpg 768w, https:\/\/psiholoskapraksagrbavac.hr\/wp-content\/uploads\/2025\/02\/3389108d-9261-42f0-8207-9345b56793b9-7-225x300.jpg 225w, https:\/\/psiholoskapraksagrbavac.hr\/wp-content\/uploads\/2025\/02\/3389108d-9261-42f0-8207-9345b56793b9-7-1152x1536.jpg 1152w, https:\/\/psiholoskapraksagrbavac.hr\/wp-content\/uploads\/2025\/02\/3389108d-9261-42f0-8207-9345b56793b9-7.jpg 1500w\" sizes=\"(max-width: 768px) 100vw, 768px\" \/><\/figure>\n\n<figure class=\"wp-block-image size-large\"><img loading=\"lazy\" decoding=\"async\" width=\"768\" height=\"1024\" data-id=\"117\" class=\"wp-image-117\" src=\"https:\/\/psiholoskapraksagrbavac.hr\/wp-content\/uploads\/2025\/02\/WhatsApp-Image-2025-02-01-at-22.54.58-2-1-768x1024.jpeg\" alt=\"\" srcset=\"https:\/\/psiholoskapraksagrbavac.hr\/wp-content\/uploads\/2025\/02\/WhatsApp-Image-2025-02-01-at-22.54.58-2-1-768x1024.jpeg 768w, https:\/\/psiholoskapraksagrbavac.hr\/wp-content\/uploads\/2025\/02\/WhatsApp-Image-2025-02-01-at-22.54.58-2-1-225x300.jpeg 225w, https:\/\/psiholoskapraksagrbavac.hr\/wp-content\/uploads\/2025\/02\/WhatsApp-Image-2025-02-01-at-22.54.58-2-1-1152x1536.jpeg 1152w, https:\/\/psiholoskapraksagrbavac.hr\/wp-content\/uploads\/2025\/02\/WhatsApp-Image-2025-02-01-at-22.54.58-2-1.jpeg 1200w\" sizes=\"(max-width: 768px) 100vw, 768px\" \/><\/figure>\n<\/figure>\n<nav class=\"is-responsive items-justified-right alignwide wp-block-navigation is-content-justification-right is-layout-flex wp-container-core-navigation-is-layout-d445cf74 wp-block-navigation-is-layout-flex\" aria-label=\"Navigacija 2\" \n\t\t data-wp-interactive=\"core\/navigation\" data-wp-context='{\"overlayOpenedBy\":{\"click\":false,\"hover\":false,\"focus\":false},\"type\":\"overlay\",\"roleAttribute\":\"\",\"ariaLabel\":\"Izbornik\"}'><button aria-haspopup=\"dialog\" aria-label=\"Otvori izbornik\" class=\"wp-block-navigation__responsive-container-open\" \n\t\t\t\tdata-wp-on--click=\"actions.openMenuOnClick\"\n\t\t\t\tdata-wp-on--keydown=\"actions.handleMenuKeydown\"\n\t\t\t><svg width=\"24\" height=\"24\" xmlns=\"http:\/\/www.w3.org\/2000\/svg\" viewBox=\"0 0 24 24\" aria-hidden=\"true\" focusable=\"false\"><path d=\"M4 7.5h16v1.5H4z\"><\/path><path d=\"M4 15h16v1.5H4z\"><\/path><\/svg><\/button>\n\t\t\t\t<div class=\"wp-block-navigation__responsive-container\"  id=\"modal-4\" \n\t\t\t\tdata-wp-class--has-modal-open=\"state.isMenuOpen\"\n\t\t\t\tdata-wp-class--is-menu-open=\"state.isMenuOpen\"\n\t\t\t\tdata-wp-watch=\"callbacks.initMenu\"\n\t\t\t\tdata-wp-on--keydown=\"actions.handleMenuKeydown\"\n\t\t\t\tdata-wp-on--focusout=\"actions.handleMenuFocusout\"\n\t\t\t\ttabindex=\"-1\"\n\t\t\t>\n\t\t\t\t\t<div class=\"wp-block-navigation__responsive-close\" tabindex=\"-1\">\n\t\t\t\t\t\t<div class=\"wp-block-navigation__responsive-dialog\" \n\t\t\t\tdata-wp-bind--aria-modal=\"state.ariaModal\"\n\t\t\t\tdata-wp-bind--aria-label=\"state.ariaLabel\"\n\t\t\t\tdata-wp-bind--role=\"state.roleAttribute\"\n\t\t\t>\n\t\t\t\t\t\t\t<button aria-label=\"Zatvori izbornik\" class=\"wp-block-navigation__responsive-container-close\" \n\t\t\t\tdata-wp-on--click=\"actions.closeMenuOnClick\"\n\t\t\t><svg xmlns=\"http:\/\/www.w3.org\/2000\/svg\" viewBox=\"0 0 24 24\" width=\"24\" height=\"24\" aria-hidden=\"true\" focusable=\"false\"><path d=\"m13.06 12 6.47-6.47-1.06-1.06L12 10.94 5.53 4.47 4.47 5.53 10.94 12l-6.47 6.47 1.06 1.06L12 13.06l6.47 6.47 1.06-1.06L13.06 12Z\"><\/path><\/svg><\/button>\n\t\t\t\t\t\t\t<div class=\"wp-block-navigation__responsive-container-content\" \n\t\t\t\tdata-wp-watch=\"callbacks.focusFirstElement\"\n\t\t\t id=\"modal-4-content\">\n\t\t\t\t\t\t\t\t<ul class=\"wp-block-navigation__container is-responsive items-justified-right alignwide wp-block-navigation\"><li class=\" wp-block-navigation-item wp-block-navigation-link\"><a class=\"wp-block-navigation-item__content\"  href=\"https:\/\/psiholoskapraksagrbavac.hr\/?page_id=83\"><span class=\"wp-block-navigation-item__label\">O meni\u2026<\/span><\/a><\/li><li class=\" wp-block-navigation-item wp-block-navigation-link\"><a class=\"wp-block-navigation-item__content\"  href=\"https:\/\/psiholoskapraksagrbavac.hr\/?page_id=84\"><span class=\"wp-block-navigation-item__label\">Usluge<\/span><\/a><\/li><li class=\" wp-block-navigation-item wp-block-navigation-link\"><a class=\"wp-block-navigation-item__content\"  href=\"https:\/\/psiholoskapraksagrbavac.hr\/?page_id=86\"><span class=\"wp-block-navigation-item__label\">Cjenik<\/span><\/a><\/li><li class=\" wp-block-navigation-item wp-block-navigation-link\"><a class=\"wp-block-navigation-item__content\"  href=\"https:\/\/psiholoskapraksagrbavac.hr\/?page_id=109\"><span class=\"wp-block-navigation-item__label\">Galerija<\/span><\/a><\/li><li class=\" wp-block-navigation-item wp-block-navigation-link\"><a class=\"wp-block-navigation-item__content\"  href=\"https:\/\/psiholoskapraksagrbavac.hr\/?page_id=88\"><span class=\"wp-block-navigation-item__label\">Kontakt<\/span><\/a><\/li><li class=\" wp-block-navigation-item wp-block-navigation-link\"><a class=\"wp-block-navigation-item__content\"  href=\"https:\/\/psiholoskapraksagrbavac.hr\/\"><span class=\"wp-block-navigation-item__label\">Po\u010detna<\/span><\/a><\/li><\/ul>\n\t\t\t\t\t\t\t<\/div>\n\t\t\t\t\t\t<\/div>\n\t\t\t\t\t<\/div>\n\t\t\t\t<\/div><\/nav>\t\t\t\t\t\t\t\t<\/div>\n\t\t\t\t<\/div>\n\t\t\t\t\t<\/div>\n\t\t\t\t<\/div>\n\t\t<div class=\"elementor-element elementor-element-8076400 e-flex e-con-boxed e-con e-parent\" data-id=\"8076400\" data-element_type=\"container\" data-e-type=\"container\">\n\t\t\t\t\t<div class=\"e-con-inner\">\n\t\t\t\t<div class=\"elementor-element elementor-element-76a536b elementor-widget elementor-widget-heading\" data-id=\"76a536b\" data-element_type=\"widget\" data-e-type=\"widget\" data-widget_type=\"heading.default\">\n\t\t\t\t<div class=\"elementor-widget-container\">\n\t\t\t\t\t<h2 class=\"elementor-heading-title elementor-size-default\">Dje\u010dji psiholog Split<\/h2>\t\t\t\t<\/div>\n\t\t\t\t<\/div>\n\t\t\t\t\t<\/div>\n\t\t\t\t<\/div>\n\t\t\t\t<\/div>\n\t\t","protected":false},"excerpt":{"rendered":"<p>Dje\u010dji psiholog Split<\/p>\n","protected":false},"author":1,"featured_media":0,"parent":0,"menu_order":0,"comment_status":"closed","ping_status":"closed","template":"","meta":{"_monsterinsights_skip_tracking":false,"_monsterinsights_sitenote_active":false,"_monsterinsights_sitenote_note":"","_monsterinsights_sitenote_category":0,"footnotes":""},"class_list":["post-109","page","type-page","status-publish","hentry"],"yoast_head":"<!-- This site is optimized with the Yoast SEO plugin v27.3 - https:\/\/yoast.com\/product\/yoast-seo-wordpress\/ -->\n<title>Growing Minds | Psiholog Split<\/title>\n<meta name=\"description\" content=\"Psiholog Split - Mia Grbavac, stru\u010dna psiholo\u0161ka pomo\u0107 za djecu, mlade i roditelje. Nudimo usluge psiholo\u0161kog savjetovanja i dijagnostike.\" \/>\n<meta name=\"robots\" content=\"index, follow, max-snippet:-1, max-image-preview:large, max-video-preview:-1\" \/>\n<link rel=\"canonical\" href=\"https:\/\/psiholoskapraksagrbavac.hr\/?page_id=109\" \/>\n<meta property=\"og:locale\" content=\"hr_HR\" \/>\n<meta property=\"og:type\" content=\"article\" \/>\n<meta property=\"og:title\" content=\"Growing Minds | Psiholog Split\" \/>\n<meta property=\"og:description\" content=\"Psiholog Split - Mia Grbavac, stru\u010dna psiholo\u0161ka pomo\u0107 za djecu, mlade i roditelje. Nudimo usluge psiholo\u0161kog savjetovanja i dijagnostike.\" \/>\n<meta property=\"og:url\" content=\"https:\/\/psiholoskapraksagrbavac.hr\/?page_id=109\" \/>\n<meta property=\"og:site_name\" content=\"Growing Minds privatna psiholo\u0161ka praksa Mia Grbavac\" \/>\n<meta property=\"article:publisher\" content=\"https:\/\/www.facebook.com\/profile.php?id=61570028410132\" \/>\n<meta property=\"article:modified_time\" content=\"2025-08-25T11:45:11+00:00\" \/>\n<meta property=\"og:image\" content=\"https:\/\/psiholoskapraksagrbavac.hr\/wp-content\/uploads\/2025\/02\/WhatsApp-Image-2025-02-01-at-17.36.57.jpeg\" \/>\n\t<meta property=\"og:image:width\" content=\"1200\" \/>\n\t<meta property=\"og:image:height\" content=\"1600\" \/>\n\t<meta property=\"og:image:type\" content=\"image\/jpeg\" \/>\n<meta name=\"twitter:card\" content=\"summary_large_image\" \/>\n<meta name=\"twitter:label1\" content=\"Procijenjeno vrijeme \u010ditanja\" \/>\n\t<meta name=\"twitter:data1\" content=\"2 minute\" \/>\n<script type=\"application\/ld+json\" class=\"yoast-schema-graph\">{\"@context\":\"https:\\\/\\\/schema.org\",\"@graph\":[{\"@type\":\"WebPage\",\"@id\":\"https:\\\/\\\/psiholoskapraksagrbavac.hr\\\/?page_id=109\",\"url\":\"https:\\\/\\\/psiholoskapraksagrbavac.hr\\\/?page_id=109\",\"name\":\"Growing Minds | Psiholog Split\",\"isPartOf\":{\"@id\":\"https:\\\/\\\/psiholoskapraksagrbavac.hr\\\/#website\"},\"primaryImageOfPage\":{\"@id\":\"https:\\\/\\\/psiholoskapraksagrbavac.hr\\\/?page_id=109#primaryimage\"},\"image\":{\"@id\":\"https:\\\/\\\/psiholoskapraksagrbavac.hr\\\/?page_id=109#primaryimage\"},\"thumbnailUrl\":\"https:\\\/\\\/psiholoskapraksagrbavac.hr\\\/wp-content\\\/uploads\\\/2025\\\/02\\\/WhatsApp-Image-2025-02-01-at-17.36.57-768x1024.jpeg\",\"datePublished\":\"2025-02-03T16:24:41+00:00\",\"dateModified\":\"2025-08-25T11:45:11+00:00\",\"description\":\"Psiholog Split - Mia Grbavac, stru\u010dna psiholo\u0161ka pomo\u0107 za djecu, mlade i roditelje. Nudimo usluge psiholo\u0161kog savjetovanja i dijagnostike.\",\"breadcrumb\":{\"@id\":\"https:\\\/\\\/psiholoskapraksagrbavac.hr\\\/?page_id=109#breadcrumb\"},\"inLanguage\":\"hr\",\"potentialAction\":[{\"@type\":\"ReadAction\",\"target\":[\"https:\\\/\\\/psiholoskapraksagrbavac.hr\\\/?page_id=109\"]}]},{\"@type\":\"ImageObject\",\"inLanguage\":\"hr\",\"@id\":\"https:\\\/\\\/psiholoskapraksagrbavac.hr\\\/?page_id=109#primaryimage\",\"url\":\"https:\\\/\\\/psiholoskapraksagrbavac.hr\\\/wp-content\\\/uploads\\\/2025\\\/02\\\/WhatsApp-Image-2025-02-01-at-17.36.57.jpeg\",\"contentUrl\":\"https:\\\/\\\/psiholoskapraksagrbavac.hr\\\/wp-content\\\/uploads\\\/2025\\\/02\\\/WhatsApp-Image-2025-02-01-at-17.36.57.jpeg\",\"width\":1200,\"height\":1600},{\"@type\":\"BreadcrumbList\",\"@id\":\"https:\\\/\\\/psiholoskapraksagrbavac.hr\\\/?page_id=109#breadcrumb\",\"itemListElement\":[{\"@type\":\"ListItem\",\"position\":1,\"name\":\"Po\u010detna stranica\",\"item\":\"https:\\\/\\\/psiholoskapraksagrbavac.hr\\\/\"},{\"@type\":\"ListItem\",\"position\":2,\"name\":\"Growing Minds | Psiholog Split Galerija\"}]},{\"@type\":\"WebSite\",\"@id\":\"https:\\\/\\\/psiholoskapraksagrbavac.hr\\\/#website\",\"url\":\"https:\\\/\\\/psiholoskapraksagrbavac.hr\\\/\",\"name\":\"Growing Minds privatna psiholo\u0161ka praksa Mia Grbavac\",\"description\":\"Psiholog Split\",\"publisher\":{\"@id\":\"https:\\\/\\\/psiholoskapraksagrbavac.hr\\\/#organization\"},\"potentialAction\":[{\"@type\":\"SearchAction\",\"target\":{\"@type\":\"EntryPoint\",\"urlTemplate\":\"https:\\\/\\\/psiholoskapraksagrbavac.hr\\\/?s={search_term_string}\"},\"query-input\":{\"@type\":\"PropertyValueSpecification\",\"valueRequired\":true,\"valueName\":\"search_term_string\"}}],\"inLanguage\":\"hr\"},{\"@type\":\"Organization\",\"@id\":\"https:\\\/\\\/psiholoskapraksagrbavac.hr\\\/#organization\",\"name\":\"Growing Minds privatna psiholo\u0161ka praksa Mia Grbavac\",\"url\":\"https:\\\/\\\/psiholoskapraksagrbavac.hr\\\/\",\"logo\":{\"@type\":\"ImageObject\",\"inLanguage\":\"hr\",\"@id\":\"https:\\\/\\\/psiholoskapraksagrbavac.hr\\\/#\\\/schema\\\/logo\\\/image\\\/\",\"url\":\"https:\\\/\\\/psiholoskapraksagrbavac.hr\\\/wp-content\\\/uploads\\\/2025\\\/02\\\/1738595914855.jpg\",\"contentUrl\":\"https:\\\/\\\/psiholoskapraksagrbavac.hr\\\/wp-content\\\/uploads\\\/2025\\\/02\\\/1738595914855.jpg\",\"width\":1429,\"height\":2000,\"caption\":\"Growing Minds privatna psiholo\u0161ka praksa Mia Grbavac\"},\"image\":{\"@id\":\"https:\\\/\\\/psiholoskapraksagrbavac.hr\\\/#\\\/schema\\\/logo\\\/image\\\/\"},\"sameAs\":[\"https:\\\/\\\/www.facebook.com\\\/profile.php?id=61570028410132\",\"https:\\\/\\\/www.instagram.com\\\/growingminds_split\\\/\"]}]}<\/script>\n<!-- \/ Yoast SEO plugin. -->","yoast_head_json":{"title":"Growing Minds | Psiholog Split","description":"Psiholog Split - Mia Grbavac, stru\u010dna psiholo\u0161ka pomo\u0107 za djecu, mlade i roditelje. Nudimo usluge psiholo\u0161kog savjetovanja i dijagnostike.","robots":{"index":"index","follow":"follow","max-snippet":"max-snippet:-1","max-image-preview":"max-image-preview:large","max-video-preview":"max-video-preview:-1"},"canonical":"https:\/\/psiholoskapraksagrbavac.hr\/?page_id=109","og_locale":"hr_HR","og_type":"article","og_title":"Growing Minds | Psiholog Split","og_description":"Psiholog Split - Mia Grbavac, stru\u010dna psiholo\u0161ka pomo\u0107 za djecu, mlade i roditelje. Nudimo usluge psiholo\u0161kog savjetovanja i dijagnostike.","og_url":"https:\/\/psiholoskapraksagrbavac.hr\/?page_id=109","og_site_name":"Growing Minds privatna psiholo\u0161ka praksa Mia Grbavac","article_publisher":"https:\/\/www.facebook.com\/profile.php?id=61570028410132","article_modified_time":"2025-08-25T11:45:11+00:00","og_image":[{"width":1200,"height":1600,"url":"https:\/\/psiholoskapraksagrbavac.hr\/wp-content\/uploads\/2025\/02\/WhatsApp-Image-2025-02-01-at-17.36.57.jpeg","type":"image\/jpeg"}],"twitter_card":"summary_large_image","twitter_misc":{"Procijenjeno vrijeme \u010ditanja":"2 minute"},"schema":{"@context":"https:\/\/schema.org","@graph":[{"@type":"WebPage","@id":"https:\/\/psiholoskapraksagrbavac.hr\/?page_id=109","url":"https:\/\/psiholoskapraksagrbavac.hr\/?page_id=109","name":"Growing Minds | Psiholog Split","isPartOf":{"@id":"https:\/\/psiholoskapraksagrbavac.hr\/#website"},"primaryImageOfPage":{"@id":"https:\/\/psiholoskapraksagrbavac.hr\/?page_id=109#primaryimage"},"image":{"@id":"https:\/\/psiholoskapraksagrbavac.hr\/?page_id=109#primaryimage"},"thumbnailUrl":"https:\/\/psiholoskapraksagrbavac.hr\/wp-content\/uploads\/2025\/02\/WhatsApp-Image-2025-02-01-at-17.36.57-768x1024.jpeg","datePublished":"2025-02-03T16:24:41+00:00","dateModified":"2025-08-25T11:45:11+00:00","description":"Psiholog Split - Mia Grbavac, stru\u010dna psiholo\u0161ka pomo\u0107 za djecu, mlade i roditelje. Nudimo usluge psiholo\u0161kog savjetovanja i dijagnostike.","breadcrumb":{"@id":"https:\/\/psiholoskapraksagrbavac.hr\/?page_id=109#breadcrumb"},"inLanguage":"hr","potentialAction":[{"@type":"ReadAction","target":["https:\/\/psiholoskapraksagrbavac.hr\/?page_id=109"]}]},{"@type":"ImageObject","inLanguage":"hr","@id":"https:\/\/psiholoskapraksagrbavac.hr\/?page_id=109#primaryimage","url":"https:\/\/psiholoskapraksagrbavac.hr\/wp-content\/uploads\/2025\/02\/WhatsApp-Image-2025-02-01-at-17.36.57.jpeg","contentUrl":"https:\/\/psiholoskapraksagrbavac.hr\/wp-content\/uploads\/2025\/02\/WhatsApp-Image-2025-02-01-at-17.36.57.jpeg","width":1200,"height":1600},{"@type":"BreadcrumbList","@id":"https:\/\/psiholoskapraksagrbavac.hr\/?page_id=109#breadcrumb","itemListElement":[{"@type":"ListItem","position":1,"name":"Po\u010detna stranica","item":"https:\/\/psiholoskapraksagrbavac.hr\/"},{"@type":"ListItem","position":2,"name":"Growing Minds | Psiholog Split Galerija"}]},{"@type":"WebSite","@id":"https:\/\/psiholoskapraksagrbavac.hr\/#website","url":"https:\/\/psiholoskapraksagrbavac.hr\/","name":"Growing Minds privatna psiholo\u0161ka praksa Mia Grbavac","description":"Psiholog Split","publisher":{"@id":"https:\/\/psiholoskapraksagrbavac.hr\/#organization"},"potentialAction":[{"@type":"SearchAction","target":{"@type":"EntryPoint","urlTemplate":"https:\/\/psiholoskapraksagrbavac.hr\/?s={search_term_string}"},"query-input":{"@type":"PropertyValueSpecification","valueRequired":true,"valueName":"search_term_string"}}],"inLanguage":"hr"},{"@type":"Organization","@id":"https:\/\/psiholoskapraksagrbavac.hr\/#organization","name":"Growing Minds privatna psiholo\u0161ka praksa Mia Grbavac","url":"https:\/\/psiholoskapraksagrbavac.hr\/","logo":{"@type":"ImageObject","inLanguage":"hr","@id":"https:\/\/psiholoskapraksagrbavac.hr\/#\/schema\/logo\/image\/","url":"https:\/\/psiholoskapraksagrbavac.hr\/wp-content\/uploads\/2025\/02\/1738595914855.jpg","contentUrl":"https:\/\/psiholoskapraksagrbavac.hr\/wp-content\/uploads\/2025\/02\/1738595914855.jpg","width":1429,"height":2000,"caption":"Growing Minds privatna psiholo\u0161ka praksa Mia Grbavac"},"image":{"@id":"https:\/\/psiholoskapraksagrbavac.hr\/#\/schema\/logo\/image\/"},"sameAs":["https:\/\/www.facebook.com\/profile.php?id=61570028410132","https:\/\/www.instagram.com\/growingminds_split\/"]}]}},"_links":{"self":[{"href":"https:\/\/psiholoskapraksagrbavac.hr\/index.php?rest_route=\/wp\/v2\/pages\/109","targetHints":{"allow":["GET"]}}],"collection":[{"href":"https:\/\/psiholoskapraksagrbavac.hr\/index.php?rest_route=\/wp\/v2\/pages"}],"about":[{"href":"https:\/\/psiholoskapraksagrbavac.hr\/index.php?rest_route=\/wp\/v2\/types\/page"}],"author":[{"embeddable":true,"href":"https:\/\/psiholoskapraksagrbavac.hr\/index.php?rest_route=\/wp\/v2\/users\/1"}],"replies":[{"embeddable":true,"href":"https:\/\/psiholoskapraksagrbavac.hr\/index.php?rest_route=%2Fwp%2Fv2%2Fcomments&post=109"}],"version-history":[{"count":17,"href":"https:\/\/psiholoskapraksagrbavac.hr\/index.php?rest_route=\/wp\/v2\/pages\/109\/revisions"}],"predecessor-version":[{"id":293,"href":"https:\/\/psiholoskapraksagrbavac.hr\/index.php?rest_route=\/wp\/v2\/pages\/109\/revisions\/293"}],"wp:attachment":[{"href":"https:\/\/psiholoskapraksagrbavac.hr\/index.php?rest_route=%2Fwp%2Fv2%2Fmedia&parent=109"}],"curies":[{"name":"wp","href":"https:\/\/api.w.org\/{rel}","templated":true}]}}